{"id":2261,"date":"2023-11-11T10:55:14","date_gmt":"2023-11-11T09:55:14","guid":{"rendered":"https:\/\/eventlive-tvproduktion.de\/?page_id=2261"},"modified":"2025-02-04T10:43:48","modified_gmt":"2025-02-04T09:43:48","slug":"das-team-im-einsatz","status":"publish","type":"page","link":"https:\/\/eventlive-tvproduktion.de\/?page_id=2261","title":{"rendered":"Das Team im Einsatz"},"content":{"rendered":"\n<p class=\"has-black-color has-cyan-bluish-gray-background-color has-text-color has-background\">Die TV Produktion Dortmund GmbH bereitet sich intensiv auf die kommende Produktion wie im Handball Europapokal der Frauen vor. Das Event Live Team setzt dabei auf zwei Fahrzeuge, darunter den R\u00fcstwagen und einen \u00dc-Wagen, um eine reibungslose \u00dcbertragung sicherzustellen. Jedes Fahrzeug wird mit spezifischer Technik beladen, die f\u00fcr die jeweilige Produktion ben\u00f6tigt wird \u2013 sei es f\u00fcr Shows, Tagungen oder Sportevents u.v.m.<\/p>\n\n\n\n<figure class=\"wp-block-gallery has-nested-images columns-default is-cropped wp-block-gallery-1 is-layout-flex wp-block-gallery-is-layout-flex\">\n<figure class=\"wp-block-image size-large\"><img loading=\"lazy\" decoding=\"async\" width=\"768\" height=\"576\" data-id=\"2282\" src=\"https:\/\/eventlive-tvproduktion.de\/wp-content\/uploads\/IMG_4713-1-768x576.jpg\" alt=\"\" class=\"wp-image-2282\" srcset=\"https:\/\/eventlive-tvproduktion.de\/wp-content\/uploads\/IMG_4713-1-768x576.jpg 768w, https:\/\/eventlive-tvproduktion.de\/wp-content\/uploads\/IMG_4713-1-300x225.jpg 300w, https:\/\/eventlive-tvproduktion.de\/wp-content\/uploads\/IMG_4713-1-150x113.jpg 150w, https:\/\/eventlive-tvproduktion.de\/wp-content\/uploads\/IMG_4713-1.jpg 800w\" sizes=\"auto, (max-width: 768px) 100vw, 768px\" \/><figcaption class=\"wp-element-caption\">Kamera im Einsatz<\/figcaption><\/figure>\n\n\n\n<figure class=\"wp-block-image size-large\"><img loading=\"lazy\" decoding=\"async\" width=\"768\" height=\"576\" data-id=\"2283\" src=\"https:\/\/eventlive-tvproduktion.de\/wp-content\/uploads\/IMG_4728-768x576.jpg\" alt=\"\" class=\"wp-image-2283\" srcset=\"https:\/\/eventlive-tvproduktion.de\/wp-content\/uploads\/IMG_4728-768x576.jpg 768w, https:\/\/eventlive-tvproduktion.de\/wp-content\/uploads\/IMG_4728-300x225.jpg 300w, https:\/\/eventlive-tvproduktion.de\/wp-content\/uploads\/IMG_4728-150x113.jpg 150w, https:\/\/eventlive-tvproduktion.de\/wp-content\/uploads\/IMG_4728.jpg 800w\" sizes=\"auto, (max-width: 768px) 100vw, 768px\" \/><figcaption class=\"wp-element-caption\">Der \u00dc-Wagen im Einsatz<\/figcaption><\/figure>\n\n\n\n<figure class=\"wp-block-image size-large\"><a href=\"https:\/\/eventlive-tvproduktion.de\/wp-content\/uploads\/IMG_4750.jpg\" data-rel=\"lightbox-image-0\" data-rl_title=\"\" data-rl_caption=\"\" title=\"\"><img loading=\"lazy\" decoding=\"async\" width=\"768\" height=\"576\" data-id=\"2285\" src=\"https:\/\/eventlive-tvproduktion.de\/wp-content\/uploads\/IMG_4750-768x576.jpg\" alt=\"\" class=\"wp-image-2285\" srcset=\"https:\/\/eventlive-tvproduktion.de\/wp-content\/uploads\/IMG_4750-768x576.jpg 768w, https:\/\/eventlive-tvproduktion.de\/wp-content\/uploads\/IMG_4750-300x225.jpg 300w, https:\/\/eventlive-tvproduktion.de\/wp-content\/uploads\/IMG_4750-150x113.jpg 150w, https:\/\/eventlive-tvproduktion.de\/wp-content\/uploads\/IMG_4750.jpg 800w\" sizes=\"auto, (max-width: 768px) 100vw, 768px\" \/><\/a><figcaption class=\"wp-element-caption\">LIVE auf Sendung<\/figcaption><\/figure>\n<\/figure>\n\n\n\n<p class=\"has-black-color has-cyan-bluish-gray-background-color has-text-color has-background\">Der \u00dc-Wagen ist umfassend ausgestattet, um allen Anforderungen gerecht zu werden. Neben einer Zeitlupenmaschine geh\u00f6ren Monitore, Bildmischer, Tonmischer und verschiedene Computer f\u00fcr Schriften und PowerPoint-Pr\u00e4sentationen zur Standardausr\u00fcstung. Ein eingebautes Netzwerk erm\u00f6glicht die reibungslose Verbindung aller Ger\u00e4te mit dem Internet, um Live-Streams problemlos \u00fcber Mobilfunk oder Festnetz zu senden.<\/p>\n\n\n\n<p class=\"has-black-color has-cyan-bluish-gray-background-color has-text-color has-background\">Am Produktionsstandort werden zun\u00e4chst alle notwendigen Ger\u00e4te wie Kameras platziert. Die Kameras werden sorgf\u00e4ltig aufgebaut und mit den erforderlichen Komponenten wie Monitoren, Fernbedienungen und Kabelverteilern versehen. Glasfaserkabel verbinden die Kameras, w\u00e4hrend auch Funkstrecken f\u00fcr Kameras in weiterer Entfernung genutzt werden. Ein spezieller Fokus liegt auf der Tontechnik, wobei zwei Kommentatorenpl\u00e4tze eingerichtet werden, komplett mit Monitoren f\u00fcr Zeitlupen und Livebilder.<\/p>\n\n\n\n<p class=\"has-black-color has-cyan-bluish-gray-background-color has-text-color has-background\">Nicole Fix, Gesch\u00e4ftsf\u00fchrerin, betont: &#8222;F\u00fcr unser Team ist es kein Problem, Sportereignisse live zu \u00fcbertragen. Wir haben jahrelange Erfahrung damit und kennen viele Sporthallen und Sportanlagen im Gro\u00dfraum Dortmund. Aber nicht nur dort, denn wir sind auch im gesamten Ruhrgebiet bereits h\u00e4ufig im Einsatz gewesen.&#8220;<\/p>\n\n\n\n<p class=\"has-black-color has-cyan-bluish-gray-background-color has-text-color has-background\">Jeder Mitarbeiter im Team kennt seine Aufgaben genau, was zu einer effizienten Aufbauphase von etwa zwei bis zweieinhalb Stunden f\u00fchrt. Nach der erfolgreichen Produktion wird s\u00e4mtliches Equipment ordnungsgem\u00e4\u00df in die beiden Fahrzeuge verladen und abtransportiert. Die TV Produktion Dortmund GmbH steht somit bereit, um ein Handball-Europapokal-Erlebnis in h\u00f6chster Qualit\u00e4t zu pr\u00e4sentieren. Wer einmal hinter den Kulissen blicken m\u00f6chte bei einer Produktion, kann sich jederzeit bei dem Team von Event Live TV-Produktion Dortmund melden und vielleicht sogar aktiv teilnehmen.<\/p>\n\n\n\n<figure class=\"wp-block-gallery has-nested-images columns-default is-cropped wp-block-gallery-2 is-layout-flex wp-block-gallery-is-layout-flex\">\n<figure class=\"wp-block-image size-large\"><img loading=\"lazy\" decoding=\"async\" width=\"768\" height=\"576\" data-id=\"2293\" src=\"https:\/\/eventlive-tvproduktion.de\/wp-content\/uploads\/IMG_4755-768x576.jpg\" alt=\"\" class=\"wp-image-2293\" srcset=\"https:\/\/eventlive-tvproduktion.de\/wp-content\/uploads\/IMG_4755-768x576.jpg 768w, https:\/\/eventlive-tvproduktion.de\/wp-content\/uploads\/IMG_4755-300x225.jpg 300w, https:\/\/eventlive-tvproduktion.de\/wp-content\/uploads\/IMG_4755-150x113.jpg 150w, https:\/\/eventlive-tvproduktion.de\/wp-content\/uploads\/IMG_4755.jpg 800w\" sizes=\"auto, (max-width: 768px) 100vw, 768px\" \/><figcaption class=\"wp-element-caption\">Vorbereitung Handball EHF Pokal<\/figcaption><\/figure>\n\n\n\n<figure class=\"wp-block-image size-large\"><img loading=\"lazy\" decoding=\"async\" width=\"768\" height=\"576\" data-id=\"2292\" src=\"https:\/\/eventlive-tvproduktion.de\/wp-content\/uploads\/IMG_4756-768x576.jpg\" alt=\"\" class=\"wp-image-2292\" srcset=\"https:\/\/eventlive-tvproduktion.de\/wp-content\/uploads\/IMG_4756-768x576.jpg 768w, https:\/\/eventlive-tvproduktion.de\/wp-content\/uploads\/IMG_4756-300x225.jpg 300w, https:\/\/eventlive-tvproduktion.de\/wp-content\/uploads\/IMG_4756-150x113.jpg 150w, https:\/\/eventlive-tvproduktion.de\/wp-content\/uploads\/IMG_4756.jpg 800w\" sizes=\"auto, (max-width: 768px) 100vw, 768px\" \/><figcaption class=\"wp-element-caption\">Vorbereitung Handball EHF Pokal<\/figcaption><\/figure>\n\n\n\n<figure class=\"wp-block-image size-large\"><img loading=\"lazy\" decoding=\"async\" width=\"768\" height=\"576\" data-id=\"2291\" src=\"https:\/\/eventlive-tvproduktion.de\/wp-content\/uploads\/IMG_4747-768x576.jpg\" alt=\"\" class=\"wp-image-2291\" srcset=\"https:\/\/eventlive-tvproduktion.de\/wp-content\/uploads\/IMG_4747-768x576.jpg 768w, https:\/\/eventlive-tvproduktion.de\/wp-content\/uploads\/IMG_4747-300x225.jpg 300w, https:\/\/eventlive-tvproduktion.de\/wp-content\/uploads\/IMG_4747-150x113.jpg 150w, https:\/\/eventlive-tvproduktion.de\/wp-content\/uploads\/IMG_4747.jpg 800w\" sizes=\"auto, (max-width: 768px) 100vw, 768px\" \/><figcaption class=\"wp-element-caption\">Vorbereitung Handball EHF Pokal<\/figcaption><\/figure>\n\n\n\n<figure class=\"wp-block-image size-large\"><img loading=\"lazy\" decoding=\"async\" width=\"768\" height=\"576\" data-id=\"2290\" src=\"https:\/\/eventlive-tvproduktion.de\/wp-content\/uploads\/IMG_4746-768x576.jpg\" alt=\"\" class=\"wp-image-2290\" srcset=\"https:\/\/eventlive-tvproduktion.de\/wp-content\/uploads\/IMG_4746-768x576.jpg 768w, https:\/\/eventlive-tvproduktion.de\/wp-content\/uploads\/IMG_4746-300x225.jpg 300w, https:\/\/eventlive-tvproduktion.de\/wp-content\/uploads\/IMG_4746-150x113.jpg 150w, https:\/\/eventlive-tvproduktion.de\/wp-content\/uploads\/IMG_4746.jpg 800w\" sizes=\"auto, (max-width: 768px) 100vw, 768px\" \/><figcaption class=\"wp-element-caption\">Vorbereitung Handball EHF Pokal<\/figcaption><\/figure>\n\n\n\n<figure class=\"wp-block-image size-large\"><img loading=\"lazy\" decoding=\"async\" width=\"768\" height=\"576\" data-id=\"2288\" src=\"https:\/\/eventlive-tvproduktion.de\/wp-content\/uploads\/IMG_4709-768x576.jpg\" alt=\"\" class=\"wp-image-2288\" srcset=\"https:\/\/eventlive-tvproduktion.de\/wp-content\/uploads\/IMG_4709-768x576.jpg 768w, https:\/\/eventlive-tvproduktion.de\/wp-content\/uploads\/IMG_4709-300x225.jpg 300w, https:\/\/eventlive-tvproduktion.de\/wp-content\/uploads\/IMG_4709-150x113.jpg 150w, https:\/\/eventlive-tvproduktion.de\/wp-content\/uploads\/IMG_4709.jpg 800w\" sizes=\"auto, (max-width: 768px) 100vw, 768px\" \/><figcaption class=\"wp-element-caption\">Vorbereitung Handball EHF Pokal<\/figcaption><\/figure>\n\n\n\n<figure class=\"wp-block-image size-large\"><img loading=\"lazy\" decoding=\"async\" width=\"768\" height=\"576\" data-id=\"2289\" src=\"https:\/\/eventlive-tvproduktion.de\/wp-content\/uploads\/IMG_4729-768x576.jpg\" alt=\"\" class=\"wp-image-2289\" srcset=\"https:\/\/eventlive-tvproduktion.de\/wp-content\/uploads\/IMG_4729-768x576.jpg 768w, https:\/\/eventlive-tvproduktion.de\/wp-content\/uploads\/IMG_4729-300x225.jpg 300w, https:\/\/eventlive-tvproduktion.de\/wp-content\/uploads\/IMG_4729-150x113.jpg 150w, https:\/\/eventlive-tvproduktion.de\/wp-content\/uploads\/IMG_4729.jpg 800w\" sizes=\"auto, (max-width: 768px) 100vw, 768px\" \/><figcaption class=\"wp-element-caption\">Vorbereitung Handball EHF Pokal<\/figcaption><\/figure>\n<\/figure>\n\n\n\n<figure class=\"wp-block-embed is-type-video is-provider-youtube wp-block-embed-youtube wp-embed-aspect-16-9 wp-has-aspect-ratio\"><div class=\"wp-block-embed__wrapper\">\n<iframe loading=\"lazy\" title=\"Im Einsatz beim EHF Pokal des BVB\" width=\"640\" height=\"360\" src=\"https:\/\/www.youtube.com\/embed\/9oYeVD8n4GQ?feature=oembed\" frameborder=\"0\" allow=\"accelerometer; autoplay; clipboard-write; encrypted-media; gyroscope; picture-in-picture; web-share\" referrerpolicy=\"strict-origin-when-cross-origin\" allowfullscreen><\/iframe>\n<\/div><figcaption class=\"wp-element-caption\">Im Einsatz!<\/figcaption><\/figure>\n\n\n\n<hr class=\"wp-block-separator has-alpha-channel-opacity\"\/>\n\n\n\n<p class=\"has-large-font-size\"><strong>Ein starkes Team!<\/strong><\/p>\n\n\n\n<p class=\"has-cyan-bluish-gray-background-color has-background\">Tauchen Sie ein in die Welt erstklassiger TV- und Videoproduktionen mit Event Live TV-Produktion Dortmund GmbH! Unser engagiertes Team ist nicht nur mit eigenen mobilen Regien und bis zu zehn Kameras im Einsatz, sondern stellt auch einen hochmodernen \u00dc-Wagen bereit. Dieser verf\u00fcgt \u00fcber komplett ausgestattete \u00dcbertragungstechnik, einschlie\u00dflich Video, Ton, Schriften und Zeitlupen \u2013 alles, was im Videobereich ben\u00f6tigt wird. Eine umfassende Beschallungstechnik rundet unser Angebot ab.<\/p>\n\n\n\n<p class=\"has-cyan-bluish-gray-background-color has-background\"><\/p>\n\n\n\n<div class=\"wp-block-buttons is-layout-flex wp-block-buttons-is-layout-flex\">\n<div class=\"wp-block-button\"><a class=\"wp-block-button__link wp-element-button\" href=\"https:\/\/eventlive-tvproduktion.de\/?page_id=3557\">Video-Technik<\/a><\/div>\n\n\n\n<div class=\"wp-block-button\"><a class=\"wp-block-button__link wp-element-button\" href=\"https:\/\/eventlive-tvproduktion.de\/?page_id=366\">Audio-Technik<\/a><\/div>\n\n\n\n<div class=\"wp-block-button\"><a class=\"wp-block-button__link wp-element-button\" href=\"https:\/\/eventlive-tvproduktion.de\/?page_id=319\">Shows<\/a><\/div>\n\n\n\n<div class=\"wp-block-button\"><a class=\"wp-block-button__link wp-element-button\" href=\"https:\/\/eventlive-tvproduktion.de\/?page_id=157\">Aktuelles<\/a><\/div>\n<\/div>\n","protected":false},"excerpt":{"rendered":"<p>Die TV Produktion Dortmund GmbH bereitet sich intensiv auf die kommende Produktion wie im Handball Europapokal der Frauen vor. Das Event Live Team setzt dabei auf zwei Fahrzeuge, darunter den R\u00fcstwagen und einen \u00dc-Wagen, um eine reibungslose \u00dcbertragung sicherzustellen. Jedes Fahrzeug wird mit spezifischer Technik beladen, die f\u00fcr die jeweilige Produktion ben\u00f6tigt wird \u2013 sei [&hellip;]<\/p>\n","protected":false},"author":5,"featured_media":2293,"parent":0,"menu_order":0,"comment_status":"closed","ping_status":"closed","template":"","meta":{"footnotes":""},"class_list":["post-2261","page","type-page","status-publish","has-post-thumbnail","hentry"],"_links":{"self":[{"href":"https:\/\/eventlive-tvproduktion.de\/index.php?rest_route=\/wp\/v2\/pages\/2261","targetHints":{"allow":["GET"]}}],"collection":[{"href":"https:\/\/eventlive-tvproduktion.de\/index.php?rest_route=\/wp\/v2\/pages"}],"about":[{"href":"https:\/\/eventlive-tvproduktion.de\/index.php?rest_route=\/wp\/v2\/types\/page"}],"author":[{"embeddable":true,"href":"https:\/\/eventlive-tvproduktion.de\/index.php?rest_route=\/wp\/v2\/users\/5"}],"replies":[{"embeddable":true,"href":"https:\/\/eventlive-tvproduktion.de\/index.php?rest_route=%2Fwp%2Fv2%2Fcomments&post=2261"}],"version-history":[{"count":11,"href":"https:\/\/eventlive-tvproduktion.de\/index.php?rest_route=\/wp\/v2\/pages\/2261\/revisions"}],"predecessor-version":[{"id":5336,"href":"https:\/\/eventlive-tvproduktion.de\/index.php?rest_route=\/wp\/v2\/pages\/2261\/revisions\/5336"}],"wp:featuredmedia":[{"embeddable":true,"href":"https:\/\/eventlive-tvproduktion.de\/index.php?rest_route=\/wp\/v2\/media\/2293"}],"wp:attachment":[{"href":"https:\/\/eventlive-tvproduktion.de\/index.php?rest_route=%2Fwp%2Fv2%2Fmedia&parent=2261"}],"curies":[{"name":"wp","href":"https:\/\/api.w.org\/{rel}","templated":true}]}}