{"id":4794,"date":"2024-12-21T17:49:58","date_gmt":"2024-12-21T16:49:58","guid":{"rendered":"https:\/\/eventlive-tvproduktion.de\/?page_id=4794"},"modified":"2024-12-22T08:39:49","modified_gmt":"2024-12-22T07:39:49","slug":"meldungen-zur-stadtmeisterschaft-2024-25","status":"publish","type":"page","link":"https:\/\/eventlive-tvproduktion.de\/?page_id=4794","title":{"rendered":"Meldungen zur Stadtmeisterschaft 2024\/25"},"content":{"rendered":"\n<p class=\"has-white-background-color has-background has-medium-font-size\"><strong>Sie sind in der Vorrunde dabei ! <\/strong>Am Samstag, den 21. Dezember, hatten zw\u00f6lf Mannschaften aus der Kreisliga C Dortmund die M\u00f6glichkeit, sich f\u00fcr die Vorrunde der Hallenfu\u00dfball-Stadtmeisterschaft zu qualifizieren. Die Qualifikationsspiele fanden erstmals in der Sporthalle Dortmund-Brackel statt. Die Stimmung in der Halle war hervorragend, und zahlreiche Zuschauer verfolgten die spannenden Partien. In zwei Gruppen traten die Teams gegeneinander an, um sich einen der begehrten Pl\u00e4tze f\u00fcr die Vorrunde zu sichern. Pro Block konnten jeweils drei Mannschaften die Qualifikation erreichen.<\/p>\n\n\n\n<p><strong>Ergebnisse des ersten Blocks:<\/strong><\/p>\n\n\n\n<div class=\"wp-block-buttons is-layout-flex wp-block-buttons-is-layout-flex\">\n<div class=\"wp-block-button\"><a class=\"wp-block-button__link has-luminous-vivid-orange-background-color has-background wp-element-button\" href=\"https:\/\/eventlive-tvproduktion.de\/?page_id=4729\">Spielplan<\/a><\/div>\n\n\n\n<div class=\"wp-block-button\"><a class=\"wp-block-button__link has-vivid-green-cyan-background-color has-background wp-element-button\" href=\"https:\/\/eventlive-tvproduktion.de\/?page_id=157\">Aktuell<\/a><\/div>\n\n\n\n<div class=\"wp-block-button\"><a class=\"wp-block-button__link wp-element-button\" href=\"https:\/\/eventlive-tvproduktion.de\/?page_id=4729\">Ergebnisse<\/a><\/div>\n\n\n\n<div class=\"wp-block-button\"><a class=\"wp-block-button__link wp-element-button\" href=\"https:\/\/eventlive-tvproduktion.de\/?page_id=4646\">Infos<\/a><\/div>\n<\/div>\n\n\n\n<p class=\"has-white-background-color has-background\">Als Turnier-Dritter schafften die&nbsp;<strong>SF Hafenwiese<\/strong>&nbsp;den Sprung in die Vorrunde. Sie werden in der Gruppe 4 in der Halle Huckarde antreten. Dort treffen sie auf den A-Ligisten&nbsp;<strong>SuS Oespel-Kley<\/strong> sowie auf&nbsp;<strong>Mengede 08\/20<\/strong>&nbsp;aus der Bezirksliga.<\/p>\n\n\n\n<p>Der FC Dortmund 18 erreichte das Finale, musste sich dort jedoch geschlagen geben und belegt somit den zweiten Platz. Damit kehrt der Klub in die Halle Brackel zur\u00fcck, wo sie in der Vorrunde auf den A-Ligisten&nbsp;<strong>MSV Dortmund<\/strong>&nbsp;und den Bezirksligisten&nbsp;<strong>Osmanlispor Dortmund<\/strong>&nbsp;treffen werden.<\/p>\n\n\n\n<p><strong>Sieger des ersten Qualifikationsturniers:<\/strong><\/p>\n\n\n\n<p class=\"has-white-background-color has-background\">Den Turniersieg sicherte sich\u00a0<strong>NK Zagreb<\/strong>, die damit ebenfalls f\u00fcr die Vorrunde qualifiziert sind. Sie werden in der anspruchsvollen Gruppe 4 in der Halle Br\u00fcgmann spielen. Dort warten mit dem FC Wellinghofen und dem Landesligisten\u00a0<strong>SV Brackel 06<\/strong>\u00a0starke Gegner. Die erste Qualifikationsrunde war gepr\u00e4gt von spannenden Begegnungen und fairen Spielen. Die erfolgreichen Teams k\u00f6nnen sich nun auf die Vorrunden der Hallenfu\u00dfball-Stadtmeisterschaft freuen, die spannende Duelle und ein hohes sportliches Niveau versprechen. <\/p>\n\n\n\n<p>Die Vorrunde der Hallenfu\u00dfball-Stadtmeisterschaft ist komplett: Die Grash\u00fcpfer Olpkebach, der FC Merkur 07 und Genclerbirigli H\u00f6rde sicherten sich die letzten drei Tickets und d\u00fcrfen sich auf packende Spiele in der Halle Br\u00fcgmann freuen.<\/p>\n\n\n\n<p><strong>Halbfinals: Spannende Duelle und \u00fcberraschende Wendungen<\/strong><\/p>\n\n\n\n<p class=\"has-white-background-color has-background\">Im ersten Halbfinale setzten sich die Grash\u00fcpfer Olpkebach gegen Lokomotive L\u00fctgendortmund durch \u2013 allerdings erst nach einem nervenaufreibenden Achtmeter-Schie\u00dfen. Mit diesem Erfolg l\u00f6sten die Grash\u00fcpfer das erste Ticket f\u00fcr die Vorrunde. Lokomotive erhielt jedoch im Spiel um Platz drei eine zweite Chance. Das zweite Halbfinale hielt eine \u00dcberraschung bereit: Der Favorit Genclerbirigli H\u00f6rde musste sich dem starken FC Merkur 07 geschlagen geben. Mit einem deutlichen 4:1-Sieg zog Merkur verdient in die n\u00e4chste Runde ein.<\/p>\n\n\n\n<p><strong>Spiel um Platz drei: H\u00f6rde sichert sich das letzte Ticket<\/strong><\/p>\n\n\n\n<p class=\"has-white-background-color has-background\">Im entscheidenden Duell um den letzten Vorrundenplatz setzte sich Genclerbirigli H\u00f6rde souver\u00e4n mit 4:1 gegen Lokomotive L\u00fctgendortmund durch. Damit stehen die Vorrundengruppen fest: H\u00f6rde trifft auf den VfR Kirchlinde und Eving Selimiye Spor. Die Halle Br\u00fcgmann erwartet spannende Begegnungen, in denen die frisch gebackenen Vorrundenteilnehmer erneut ihr K\u00f6nnen unter Beweis stellen wollen. Die Zuschauer d\u00fcrfen sich auf hochklassigen Hallenfu\u00dfball freuen! <\/p>\n","protected":false},"excerpt":{"rendered":"<p>Sie sind in der Vorrunde dabei ! Am Samstag, den 21. Dezember, hatten zw\u00f6lf Mannschaften aus der Kreisliga C Dortmund die M\u00f6glichkeit, sich f\u00fcr die Vorrunde der Hallenfu\u00dfball-Stadtmeisterschaft zu qualifizieren. Die Qualifikationsspiele fanden erstmals in der Sporthalle Dortmund-Brackel statt. Die Stimmung in der Halle war hervorragend, und zahlreiche Zuschauer verfolgten die spannenden Partien. In zwei [&hellip;]<\/p>\n","protected":false},"author":5,"featured_media":4795,"parent":0,"menu_order":0,"comment_status":"closed","ping_status":"closed","template":"","meta":{"footnotes":""},"class_list":["post-4794","page","type-page","status-publish","has-post-thumbnail","hentry"],"_links":{"self":[{"href":"https:\/\/eventlive-tvproduktion.de\/index.php?rest_route=\/wp\/v2\/pages\/4794","targetHints":{"allow":["GET"]}}],"collection":[{"href":"https:\/\/eventlive-tvproduktion.de\/index.php?rest_route=\/wp\/v2\/pages"}],"about":[{"href":"https:\/\/eventlive-tvproduktion.de\/index.php?rest_route=\/wp\/v2\/types\/page"}],"author":[{"embeddable":true,"href":"https:\/\/eventlive-tvproduktion.de\/index.php?rest_route=\/wp\/v2\/users\/5"}],"replies":[{"embeddable":true,"href":"https:\/\/eventlive-tvproduktion.de\/index.php?rest_route=%2Fwp%2Fv2%2Fcomments&post=4794"}],"version-history":[{"count":8,"href":"https:\/\/eventlive-tvproduktion.de\/index.php?rest_route=\/wp\/v2\/pages\/4794\/revisions"}],"predecessor-version":[{"id":4819,"href":"https:\/\/eventlive-tvproduktion.de\/index.php?rest_route=\/wp\/v2\/pages\/4794\/revisions\/4819"}],"wp:featuredmedia":[{"embeddable":true,"href":"https:\/\/eventlive-tvproduktion.de\/index.php?rest_route=\/wp\/v2\/media\/4795"}],"wp:attachment":[{"href":"https:\/\/eventlive-tvproduktion.de\/index.php?rest_route=%2Fwp%2Fv2%2Fmedia&parent=4794"}],"curies":[{"name":"wp","href":"https:\/\/api.w.org\/{rel}","templated":true}]}}