{"id":49,"date":"2022-01-05T11:26:19","date_gmt":"2022-01-05T10:26:19","guid":{"rendered":"https:\/\/eventlive-tvproduktion.de\/?page_id=49"},"modified":"2022-05-26T11:28:22","modified_gmt":"2022-05-26T10:28:22","slug":"home","status":"publish","type":"page","link":"https:\/\/eventlive-tvproduktion.de\/","title":{"rendered":"Home"},"content":{"rendered":"\n<p><\/p>\n\n\n<div  class=\"ultp-post-grid-block wp-block-ultimate-post-post-grid-2 ultp-block-3196a4\"><div class=\"ultp-block-wrapper\"><div class=\"ultp-loading\"><div class=\"ultp-loading-blocks\" style=\"width:100%;height:100%;\"><div style=\"left: 0;top: 0;animation-delay:0s;\"><\/div><div style=\"left: 21px;top: 0;animation-delay:0.125s;\"><\/div><div style=\"left: 42px;top: 0;animation-delay:0.25s;\"><\/div><div style=\"left: 0;top: 21px;animation-delay:0.875s;\"><\/div><div style=\"left: 42px;top: 21px;animation-delay:0.375s;\"><\/div><div style=\"left: 0;top: 42px;animation-delay:0.75s;\"><\/div><div style=\"left: 42px;top: 42px;animation-delay:0.625s;\"><\/div><div style=\"left: 21px;top: 42px;animation-delay:0.5s;\"><\/div><\/div><\/div><div class=\"ultp-heading-filter\"><div class=\"ultp-heading-filter-in\"><div class=\"ultp-heading-wrap ultp-heading-style15 ultp-heading-center\"><h2 class=\"ultp-heading-inner\"><span>Trending Posts<\/span><\/h2><\/div><\/div><\/div><div class=\"ultp-block-items-wrap ultp-block-row\"><div class=\"ultp-block-item post-id-6383\"><div class=\"ultp-block-content-wrap ultp-block-content-overlay\"><div class=\"ultp-block-image ultp-block-image-zoomOut ultp-block-image-overlay ultp-block-image-custom\"><a href=\"https:\/\/eventlive-tvproduktion.de\/?p=6383\" ><img decoding=\"async\"  alt=\"Im Einsatz f\u00fcr die Dattelner Morgenpost\"  src=\"https:\/\/eventlive-tvproduktion.de\/wp-content\/uploads\/19f19523-c089-45d8-b06c-2421170833f6.jpg\" \/><\/a><\/div><div class=\"ultp-block-content ultp-block-content-bottomPosition\"><div class=\"ultp-block-content-inner\"><div class=\"ultp-category-grid ultp-category-classic ultp-category-aboveTitle\"><div class=\"ultp-category-in\"><a class=\"ultp-cat-aktuelles\" href=\"https:\/\/eventlive-tvproduktion.de\/?cat=31\"  >Aktuelles<\/a><a class=\"ultp-cat-startseite\" href=\"https:\/\/eventlive-tvproduktion.de\/?cat=2\"  >Startseite<\/a><\/div><\/div><h3 class=\"ultp-block-title \"><a href=\"https:\/\/eventlive-tvproduktion.de\/?p=6383\" >Im Einsatz f\u00fcr die Dattelner Morgenpost<\/a><\/h3><div class=\"ultp-block-meta ultp-block-meta-dot ultp-block-meta-noIcon\"><span class=\"ultp-block-author ultp-block-meta-element\">By<a class=\"\" href=\"https:\/\/eventlive-tvproduktion.de\/?author=5\">Uwe Kisker<\/a><\/span><span class=\"ultp-block-date ultp-block-meta-element\">Juli 31, 2025<\/span><\/div><\/div><\/div><\/div><\/div><div class=\"ultp-block-item post-id-1301\"><div class=\"ultp-block-content-wrap ultp-block-content-overlay\"><div class=\"ultp-block-image ultp-block-image-zoomOut ultp-block-image-overlay ultp-block-image-custom\"><a href=\"https:\/\/eventlive-tvproduktion.de\/?p=1301\" ><img decoding=\"async\"  alt=\"Zwei neue Sendungen\"  src=\"https:\/\/eventlive-tvproduktion.de\/wp-content\/uploads\/Regie-der-Schlagercouch-800x570.jpg\" \/><\/a><\/div><div class=\"ultp-block-content ultp-block-content-bottomPosition\"><div class=\"ultp-block-content-inner\"><div class=\"ultp-category-grid ultp-category-classic ultp-category-aboveTitle\"><div class=\"ultp-category-in\"><a class=\"ultp-cat-aktuelles\" href=\"https:\/\/eventlive-tvproduktion.de\/?cat=31\"  >Aktuelles<\/a><a class=\"ultp-cat-startseite\" href=\"https:\/\/eventlive-tvproduktion.de\/?cat=2\"  >Startseite<\/a><\/div><\/div><h3 class=\"ultp-block-title \"><a href=\"https:\/\/eventlive-tvproduktion.de\/?p=1301\" >Zwei neue Sendungen<\/a><\/h3><div class=\"ultp-block-meta ultp-block-meta-dot ultp-block-meta-noIcon\"><span class=\"ultp-block-author ultp-block-meta-element\">By<a class=\"\" href=\"https:\/\/eventlive-tvproduktion.de\/?author=7\">Redaktion<\/a><\/span><span class=\"ultp-block-date ultp-block-meta-element\">Juni 25, 2023<\/span><\/div><\/div><\/div><\/div><\/div><div class=\"ultp-block-item post-id-4074\"><div class=\"ultp-block-content-wrap ultp-block-content-overlay\"><div class=\"ultp-block-image ultp-block-image-zoomOut ultp-block-image-overlay ultp-block-image-custom\"><a href=\"https:\/\/eventlive-tvproduktion.de\/?p=4074\" ><img decoding=\"async\"  alt=\"**Event Live TV-Produktion Dortmund \u2013 Ihr Partner f\u00fcr professionelle Livestreams und Eventproduktionen**\"  src=\"https:\/\/eventlive-tvproduktion.de\/wp-content\/uploads\/IMG_6342-800x570.jpg\" \/><\/a><\/div><div class=\"ultp-block-content ultp-block-content-bottomPosition\"><div class=\"ultp-block-content-inner\"><div class=\"ultp-category-grid ultp-category-classic ultp-category-aboveTitle\"><div class=\"ultp-category-in\"><a class=\"ultp-cat-aktuelles\" href=\"https:\/\/eventlive-tvproduktion.de\/?cat=31\"  >Aktuelles<\/a><a class=\"ultp-cat-startseite\" href=\"https:\/\/eventlive-tvproduktion.de\/?cat=2\"  >Startseite<\/a><\/div><\/div><h3 class=\"ultp-block-title \"><a href=\"https:\/\/eventlive-tvproduktion.de\/?p=4074\" >**Event Live TV-Produktion Dortmund \u2013 Ihr Partner f\u00fcr professionelle Livestreams und Eventproduktionen**<\/a><\/h3><div class=\"ultp-block-meta ultp-block-meta-dot ultp-block-meta-noIcon\"><span class=\"ultp-block-author ultp-block-meta-element\">By<a class=\"\" href=\"https:\/\/eventlive-tvproduktion.de\/?author=5\">Uwe Kisker<\/a><\/span><span class=\"ultp-block-date ultp-block-meta-element\">Aug. 18, 2024<\/span><\/div><\/div><\/div><\/div><\/div><div class=\"ultp-block-item post-id-5181\"><div class=\"ultp-block-content-wrap ultp-block-content-overlay\"><div class=\"ultp-block-image ultp-block-image-zoomOut ultp-block-image-overlay ultp-block-image-custom\"><a href=\"https:\/\/eventlive-tvproduktion.de\/?p=5181\" ><img decoding=\"async\"  alt=\"Ein Blick hinter die Kulissen: Perfekte Planung f\u00fcr Deutschlands gr\u00f6\u00dftes Amateurfu\u00dfball-Turnier\"  src=\"https:\/\/eventlive-tvproduktion.de\/wp-content\/uploads\/E36EE95B-689B-47A3-8588-6D2842FF3819_1_105_c.jpeg\" \/><\/a><\/div><div class=\"ultp-block-content ultp-block-content-bottomPosition\"><div class=\"ultp-block-content-inner\"><div class=\"ultp-category-grid ultp-category-classic ultp-category-aboveTitle\"><div class=\"ultp-category-in\"><a class=\"ultp-cat-aktuelles\" href=\"https:\/\/eventlive-tvproduktion.de\/?cat=31\"  >Aktuelles<\/a><a class=\"ultp-cat-startseite\" href=\"https:\/\/eventlive-tvproduktion.de\/?cat=2\"  >Startseite<\/a><\/div><\/div><h3 class=\"ultp-block-title \"><a href=\"https:\/\/eventlive-tvproduktion.de\/?p=5181\" >Ein Blick hinter die Kulissen: Perfekte Planung f\u00fcr Deutschlands gr\u00f6\u00dftes Amateurfu\u00dfball-Turnier<\/a><\/h3><div class=\"ultp-block-meta ultp-block-meta-dot ultp-block-meta-noIcon\"><span class=\"ultp-block-author ultp-block-meta-element\">By<a class=\"\" href=\"https:\/\/eventlive-tvproduktion.de\/?author=5\">Uwe Kisker<\/a><\/span><span class=\"ultp-block-date ultp-block-meta-element\">Jan. 10, 2025<\/span><\/div><\/div><\/div><\/div><\/div><div class=\"ultp-block-item post-id-3232\"><div class=\"ultp-block-content-wrap ultp-block-content-overlay\"><div class=\"ultp-block-image ultp-block-image-zoomOut ultp-block-image-overlay ultp-block-image-custom\"><a href=\"https:\/\/eventlive-tvproduktion.de\/?p=3232\" ><img decoding=\"async\"  alt=\"Alle Spiele der Endrunde und Highlights in HD!\"  src=\"https:\/\/eventlive-tvproduktion.de\/wp-content\/uploads\/a872b19a-3e19-4b67-9902-2782396969d5-1-637x570.jpg\" \/><\/a><\/div><div class=\"ultp-block-content ultp-block-content-bottomPosition\"><div class=\"ultp-block-content-inner\"><div class=\"ultp-category-grid ultp-category-classic ultp-category-aboveTitle\"><div class=\"ultp-category-in\"><a class=\"ultp-cat-aktuelles\" href=\"https:\/\/eventlive-tvproduktion.de\/?cat=31\"  >Aktuelles<\/a><a class=\"ultp-cat-startseite\" href=\"https:\/\/eventlive-tvproduktion.de\/?cat=2\"  >Startseite<\/a><\/div><\/div><h3 class=\"ultp-block-title \"><a href=\"https:\/\/eventlive-tvproduktion.de\/?p=3232\" >Alle Spiele der Endrunde und Highlights in HD!<\/a><\/h3><div class=\"ultp-block-meta ultp-block-meta-dot ultp-block-meta-noIcon\"><span class=\"ultp-block-author ultp-block-meta-element\">By<a class=\"\" href=\"https:\/\/eventlive-tvproduktion.de\/?author=5\">Uwe Kisker<\/a><\/span><span class=\"ultp-block-date ultp-block-meta-element\">Jan. 14, 2024<\/span><\/div><\/div><\/div><\/div><\/div><div class=\"ultp-block-item post-id-261\"><div class=\"ultp-block-content-wrap ultp-block-content-overlay\"><div class=\"ultp-block-image ultp-block-image-zoomOut ultp-block-image-overlay ultp-block-image-custom\"><a href=\"https:\/\/eventlive-tvproduktion.de\/?p=261\" ><img decoding=\"async\"  alt=\"Event Live in D\u00fcsseldorf im Einsatz\"  src=\"https:\/\/eventlive-tvproduktion.de\/wp-content\/uploads\/IMG_6707-870x570.jpg\" \/><\/a><\/div><div class=\"ultp-block-content ultp-block-content-bottomPosition\"><div class=\"ultp-block-content-inner\"><div class=\"ultp-category-grid ultp-category-classic ultp-category-aboveTitle\"><div class=\"ultp-category-in\"><a class=\"ultp-cat-aktuelles\" href=\"https:\/\/eventlive-tvproduktion.de\/?cat=31\"  >Aktuelles<\/a><\/div><\/div><h3 class=\"ultp-block-title \"><a href=\"https:\/\/eventlive-tvproduktion.de\/?p=261\" >Event Live in D\u00fcsseldorf im Einsatz<\/a><\/h3><div class=\"ultp-block-meta ultp-block-meta-dot ultp-block-meta-noIcon\"><span class=\"ultp-block-author ultp-block-meta-element\">By<a class=\"\" href=\"https:\/\/eventlive-tvproduktion.de\/?author=7\">Redaktion<\/a><\/span><span class=\"ultp-block-date ultp-block-meta-element\">Feb. 27, 2022<\/span><\/div><\/div><\/div><\/div><\/div><\/div><\/div><div class=\"pagination-block-html\" aria-hidden=\"true\" style=\"display: none;\"><\/div><\/div>","protected":false},"excerpt":{"rendered":"","protected":false},"author":1,"featured_media":0,"parent":0,"menu_order":0,"comment_status":"closed","ping_status":"closed","template":"template-homepage.php","meta":{"footnotes":""},"class_list":["post-49","page","type-page","status-publish","hentry"],"_links":{"self":[{"href":"https:\/\/eventlive-tvproduktion.de\/index.php?rest_route=\/wp\/v2\/pages\/49","targetHints":{"allow":["GET"]}}],"collection":[{"href":"https:\/\/eventlive-tvproduktion.de\/index.php?rest_route=\/wp\/v2\/pages"}],"about":[{"href":"https:\/\/eventlive-tvproduktion.de\/index.php?rest_route=\/wp\/v2\/types\/page"}],"author":[{"embeddable":true,"href":"https:\/\/eventlive-tvproduktion.de\/index.php?rest_route=\/wp\/v2\/users\/1"}],"replies":[{"embeddable":true,"href":"https:\/\/eventlive-tvproduktion.de\/index.php?rest_route=%2Fwp%2Fv2%2Fcomments&post=49"}],"version-history":[{"count":1,"href":"https:\/\/eventlive-tvproduktion.de\/index.php?rest_route=\/wp\/v2\/pages\/49\/revisions"}],"predecessor-version":[{"id":2368,"href":"https:\/\/eventlive-tvproduktion.de\/index.php?rest_route=\/wp\/v2\/pages\/49\/revisions\/2368"}],"wp:attachment":[{"href":"https:\/\/eventlive-tvproduktion.de\/index.php?rest_route=%2Fwp%2Fv2%2Fmedia&parent=49"}],"curies":[{"name":"wp","href":"https:\/\/api.w.org\/{rel}","templated":true}]}}