{"id":4906,"date":"2024-12-29T12:46:35","date_gmt":"2024-12-29T11:46:35","guid":{"rendered":"https:\/\/eventlive-tvproduktion.de\/?page_id=4906"},"modified":"2025-01-07T09:42:47","modified_gmt":"2025-01-07T08:42:47","slug":"videos-zur-39-hsm-2025","status":"publish","type":"page","link":"https:\/\/eventlive-tvproduktion.de\/?page_id=4906","title":{"rendered":"Videos zur 39. HSM 2024\/25"},"content":{"rendered":"\n<p><strong>Liebe Freunde,<\/strong><\/p>\n\n\n\n<p>hier findet ihr alle Spiele aus der Sporthalle Wellinghofen in voller L\u00e4nge von der 39. Hallenfu\u00dfball-Stadtmeisterschaft:<\/p>\n\n\n\n<p>Zus\u00e4tzlich k\u00f6nnt ihr euch Interviews und Highlights von verschiedenen Begegnungen auf unserem<a href=\"https:\/\/www.youtube.com\/watch?v=H_zKuRo7vjg&amp;list=PL7K8hzqe3g5wgWjpV47iMOnZfSOxKXzsK\">&nbsp;<strong>YouTube-Kana<\/strong><\/a><strong>l<\/strong><strong> <\/strong>ansehen.<\/p>\n\n\n\n<p>Wir w\u00fcnschen euch viel Spa\u00df beim Zuschauen!<\/p>\n\n\n\n<div class=\"wp-block-buttons is-layout-flex wp-block-buttons-is-layout-flex\">\n<div class=\"wp-block-button\"><a class=\"wp-block-button__link has-light-green-cyan-background-color has-background wp-element-button\" href=\"https:\/\/eventlive-tvproduktion.de\/?page_id=4729\">Spielplan<\/a><\/div>\n\n\n\n<div class=\"wp-block-button\"><a class=\"wp-block-button__link has-vivid-red-background-color has-background wp-element-button\" href=\"https:\/\/eventlive-tvproduktion.de\/?page_id=157\">Aktuell<\/a><\/div>\n\n\n\n<div class=\"wp-block-button\"><a class=\"wp-block-button__link has-vivid-cyan-blue-background-color has-background wp-element-button\" href=\"https:\/\/eventlive-tvproduktion.de\/?page_id=4646\">Neues zur HSM<\/a><\/div>\n\n\n\n<div class=\"wp-block-button\"><a class=\"wp-block-button__link has-cyan-bluish-gray-background-color has-background wp-element-button\" href=\"https:\/\/eventlive-tvproduktion.de\/?p=4846\">Technik<\/a><\/div>\n\n\n\n<div class=\"wp-block-button\"><a class=\"wp-block-button__link has-vivid-red-background-color has-background wp-element-button\" href=\"https:\/\/www.youtube.com\/@Event-LiveDo\">YouTube<\/a><\/div>\n<\/div>\n\n\n\n<figure class=\"wp-block-embed is-type-video is-provider-youtube wp-block-embed-youtube wp-embed-aspect-16-9 wp-has-aspect-ratio\"><div class=\"wp-block-embed__wrapper\">\n<iframe loading=\"lazy\" title=\"39.HFSt. Spiele 1 &amp; 2 Freitag ZW. DjK SF Nette-RW Barop, SV Westrich -  Alemannia Scharnhorst\" width=\"640\" height=\"360\" src=\"https:\/\/www.youtube.com\/embed\/QLjT90hO28w?feature=oembed\" frameborder=\"0\" allow=\"accelerometer; autoplay; clipboard-write; encrypted-media; gyroscope; picture-in-picture; web-share\" referrerpolicy=\"strict-origin-when-cross-origin\" allowfullscreen><\/iframe>\n<\/div><\/figure>\n\n\n\n<figure class=\"wp-block-embed is-type-video is-provider-youtube wp-block-embed-youtube wp-embed-aspect-16-9 wp-has-aspect-ratio\"><div class=\"wp-block-embed__wrapper\">\n<iframe loading=\"lazy\" title=\"39. HFSt.Sp 3&amp;4 ZW. Fr. BSV Schu\u0308ren - SF Nette, VfL Ho\u0308rde - SV Westrich 55\" width=\"640\" height=\"360\" src=\"https:\/\/www.youtube.com\/embed\/w7i7AY9IBdw?feature=oembed\" frameborder=\"0\" allow=\"accelerometer; autoplay; clipboard-write; encrypted-media; gyroscope; picture-in-picture; web-share\" referrerpolicy=\"strict-origin-when-cross-origin\" allowfullscreen><\/iframe>\n<\/div><\/figure>\n\n\n\n<figure class=\"wp-block-embed is-type-video is-provider-youtube wp-block-embed-youtube wp-embed-aspect-16-9 wp-has-aspect-ratio\"><div class=\"wp-block-embed__wrapper\">\n<iframe loading=\"lazy\" title=\"39 HFSt. SP 5&amp;6 RW Barop-BSV Schu\u0308ren, Alemannia Scharnhorst-VfL Ho\u0308rde\" width=\"640\" height=\"360\" src=\"https:\/\/www.youtube.com\/embed\/2DKMRNfjaDg?feature=oembed\" frameborder=\"0\" allow=\"accelerometer; autoplay; clipboard-write; encrypted-media; gyroscope; picture-in-picture; web-share\" referrerpolicy=\"strict-origin-when-cross-origin\" allowfullscreen><\/iframe>\n<\/div><\/figure>\n\n\n\n<figure class=\"wp-block-embed is-type-video is-provider-youtube wp-block-embed-youtube wp-embed-aspect-16-9 wp-has-aspect-ratio\"><div class=\"wp-block-embed__wrapper\">\n<iframe loading=\"lazy\" title=\"39. HSM Sp. 7 RW Barop - Alemannia Scharnhorst\" width=\"640\" height=\"360\" src=\"https:\/\/www.youtube.com\/embed\/vXGOiragOkQ?feature=oembed\" frameborder=\"0\" allow=\"accelerometer; autoplay; clipboard-write; encrypted-media; gyroscope; picture-in-picture; web-share\" referrerpolicy=\"strict-origin-when-cross-origin\" allowfullscreen><\/iframe>\n<\/div><\/figure>\n\n\n\n<figure class=\"wp-block-embed is-type-video is-provider-youtube wp-block-embed-youtube wp-embed-aspect-16-9 wp-has-aspect-ratio\"><div class=\"wp-block-embed__wrapper\">\n<iframe loading=\"lazy\" title=\"39. HfSt. ZW Tag 1 ASC 09 - Hellweg  Lu\u0308tg., Eving Selimiye Spor - Kirchh\u00f6rder SC\" width=\"640\" height=\"360\" src=\"https:\/\/www.youtube.com\/embed\/-aKVGiBF-4Q?feature=oembed\" frameborder=\"0\" allow=\"accelerometer; autoplay; clipboard-write; encrypted-media; gyroscope; picture-in-picture; web-share\" referrerpolicy=\"strict-origin-when-cross-origin\" allowfullscreen><\/iframe>\n<\/div><\/figure>\n\n\n\n<figure class=\"wp-block-embed is-type-video is-provider-youtube wp-block-embed-youtube wp-embed-aspect-16-9 wp-has-aspect-ratio\"><div class=\"wp-block-embed__wrapper\">\n<iframe loading=\"lazy\" title=\"39. HFSt. ZW Donnerstag TV Brechten-ASC 09 &amp; Tu\u0308rkspor Do-  Eving Sellmiye Spor\" width=\"640\" height=\"360\" src=\"https:\/\/www.youtube.com\/embed\/DDuSK9_8o7w?feature=oembed\" frameborder=\"0\" allow=\"accelerometer; autoplay; clipboard-write; encrypted-media; gyroscope; picture-in-picture; web-share\" referrerpolicy=\"strict-origin-when-cross-origin\" allowfullscreen><\/iframe>\n<\/div><\/figure>\n\n\n\n<figure class=\"wp-block-embed is-type-video is-provider-youtube wp-block-embed-youtube wp-embed-aspect-16-9 wp-has-aspect-ratio\"><div class=\"wp-block-embed__wrapper\">\n<iframe loading=\"lazy\" title=\"39. HFSt. ZW Hellweg Lu\u0308tgendortmund - TV Brechten, Kirchh\u00f6rder SC -  Tu\u0308rkspor Do.\" width=\"640\" height=\"360\" src=\"https:\/\/www.youtube.com\/embed\/e46T1jMXiAM?feature=oembed\" frameborder=\"0\" allow=\"accelerometer; autoplay; clipboard-write; encrypted-media; gyroscope; picture-in-picture; web-share\" referrerpolicy=\"strict-origin-when-cross-origin\" allowfullscreen><\/iframe>\n<\/div><\/figure>\n\n\n\n<figure class=\"wp-block-embed is-type-video is-provider-youtube wp-block-embed-youtube wp-embed-aspect-16-9 wp-has-aspect-ratio\"><div class=\"wp-block-embed__wrapper\">\n<iframe loading=\"lazy\" title=\"39. HFSt.Spiel 7 ZW Donnerstag  TV Brechten -  Kirchh\u00f6rder SC\" width=\"640\" height=\"360\" src=\"https:\/\/www.youtube.com\/embed\/QZFZuTHVGz8?feature=oembed\" frameborder=\"0\" allow=\"accelerometer; autoplay; clipboard-write; encrypted-media; gyroscope; picture-in-picture; web-share\" referrerpolicy=\"strict-origin-when-cross-origin\" allowfullscreen><\/iframe>\n<\/div><\/figure>\n\n\n\n<p>Spiel Vorrunde 27\/28.12.24<\/p>\n\n\n\n<figure class=\"wp-block-embed is-type-video is-provider-youtube wp-block-embed-youtube wp-embed-aspect-16-9 wp-has-aspect-ratio\"><div class=\"wp-block-embed__wrapper\">\n<iframe loading=\"lazy\" title=\"39. Dortmunder Hallenfu\u00dfball-Stadtmeisterschaft (Trailer 2025)\" width=\"640\" height=\"360\" src=\"https:\/\/www.youtube.com\/embed\/omFkw7rXpDQ?feature=oembed\" frameborder=\"0\" allow=\"accelerometer; autoplay; clipboard-write; encrypted-media; gyroscope; picture-in-picture; web-share\" referrerpolicy=\"strict-origin-when-cross-origin\" allowfullscreen><\/iframe>\n<\/div><\/figure>\n\n\n\n<figure class=\"wp-block-embed is-type-video is-provider-youtube wp-block-embed-youtube wp-embed-aspect-16-9 wp-has-aspect-ratio\"><div class=\"wp-block-embed__wrapper\">\n<iframe loading=\"lazy\" title=\"39. HfSt. Tag 1 der Vorrunde aus Dortmund-Wellingh. Spiele 1-3\" width=\"640\" height=\"360\" src=\"https:\/\/www.youtube.com\/embed\/H_zKuRo7vjg?feature=oembed\" frameborder=\"0\" allow=\"accelerometer; autoplay; clipboard-write; encrypted-media; gyroscope; picture-in-picture; web-share\" referrerpolicy=\"strict-origin-when-cross-origin\" allowfullscreen><\/iframe>\n<\/div><\/figure>\n\n\n\n<figure class=\"wp-block-embed is-type-video is-provider-youtube wp-block-embed-youtube wp-embed-aspect-16-9 wp-has-aspect-ratio\"><div class=\"wp-block-embed__wrapper\">\n<iframe loading=\"lazy\" title=\"39. HfSt. Tag 1 der Vorrunde aus Dortmund-Wellingh. Teil 2: Spiele 4, 5 und 6\" width=\"640\" height=\"360\" src=\"https:\/\/www.youtube.com\/embed\/7ykL82HjpJk?feature=oembed\" frameborder=\"0\" allow=\"accelerometer; autoplay; clipboard-write; encrypted-media; gyroscope; picture-in-picture; web-share\" referrerpolicy=\"strict-origin-when-cross-origin\" allowfullscreen><\/iframe>\n<\/div><\/figure>\n\n\n\n<figure class=\"wp-block-embed is-type-video is-provider-youtube wp-block-embed-youtube wp-embed-aspect-16-9 wp-has-aspect-ratio\"><div class=\"wp-block-embed__wrapper\">\n<iframe loading=\"lazy\" title=\"39. HfSt. Tag 1 der Vorrunde aus Dortmund-Wellingh. Spiele: 7 &amp; 8\" width=\"640\" height=\"360\" src=\"https:\/\/www.youtube.com\/embed\/wQgmnc8QYCA?feature=oembed\" frameborder=\"0\" allow=\"accelerometer; autoplay; clipboard-write; encrypted-media; gyroscope; picture-in-picture; web-share\" referrerpolicy=\"strict-origin-when-cross-origin\" allowfullscreen><\/iframe>\n<\/div><\/figure>\n\n\n\n<p><\/p>\n\n\n\n<figure class=\"wp-block-embed is-type-video is-provider-youtube wp-block-embed-youtube wp-embed-aspect-16-9 wp-has-aspect-ratio\"><div class=\"wp-block-embed__wrapper\">\n<iframe loading=\"lazy\" title=\"39. HfSt. Tag 2 der Vorrunde aus Dortmund-Wellingh. Spiele Samstag 1-3\" width=\"640\" height=\"360\" src=\"https:\/\/www.youtube.com\/embed\/o5p03Lmg7Hw?feature=oembed\" frameborder=\"0\" allow=\"accelerometer; autoplay; clipboard-write; encrypted-media; gyroscope; picture-in-picture; web-share\" referrerpolicy=\"strict-origin-when-cross-origin\" allowfullscreen><\/iframe>\n<\/div><\/figure>\n\n\n\n<figure class=\"wp-block-embed is-type-video is-provider-youtube wp-block-embed-youtube wp-embed-aspect-16-9 wp-has-aspect-ratio\"><div class=\"wp-block-embed__wrapper\">\n<iframe loading=\"lazy\" title=\"39. HfSt. Tag 2 der Vorrunde aus Dortmund-Wellingh. Spiele Samstag  4-6\" width=\"640\" height=\"360\" src=\"https:\/\/www.youtube.com\/embed\/kulH8_cBrdM?feature=oembed\" frameborder=\"0\" allow=\"accelerometer; autoplay; clipboard-write; encrypted-media; gyroscope; picture-in-picture; web-share\" referrerpolicy=\"strict-origin-when-cross-origin\" allowfullscreen><\/iframe>\n<\/div><\/figure>\n\n\n\n<figure class=\"wp-block-embed is-type-video is-provider-youtube wp-block-embed-youtube wp-embed-aspect-16-9 wp-has-aspect-ratio\"><div class=\"wp-block-embed__wrapper\">\n<iframe loading=\"lazy\" title=\"39. HfSt. Tag 2 der Vorrunde aus Dortmund-Wellingh. Spiele Samstag 7 &amp; 8\" width=\"640\" height=\"360\" src=\"https:\/\/www.youtube.com\/embed\/eH2F35xQ0XY?feature=oembed\" frameborder=\"0\" allow=\"accelerometer; autoplay; clipboard-write; encrypted-media; gyroscope; picture-in-picture; web-share\" referrerpolicy=\"strict-origin-when-cross-origin\" allowfullscreen><\/iframe>\n<\/div><\/figure>\n\n\n\n<div class=\"wp-block-buttons is-layout-flex wp-block-buttons-is-layout-flex\">\n<div class=\"wp-block-button\"><a class=\"wp-block-button__link has-light-green-cyan-background-color has-background wp-element-button\" href=\"https:\/\/eventlive-tvproduktion.de\/?page_id=4729\">Spielplan<\/a><\/div>\n\n\n\n<div class=\"wp-block-button\"><a class=\"wp-block-button__link has-vivid-red-background-color has-background wp-element-button\" href=\"https:\/\/eventlive-tvproduktion.de\/?page_id=157\">Aktuell<\/a><\/div>\n\n\n\n<div class=\"wp-block-button\"><a class=\"wp-block-button__link has-vivid-cyan-blue-background-color has-background wp-element-button\" href=\"https:\/\/eventlive-tvproduktion.de\/?page_id=4646\">Neues zur HSM<\/a><\/div>\n\n\n\n<div class=\"wp-block-button\"><a class=\"wp-block-button__link has-cyan-bluish-gray-background-color has-background wp-element-button\" href=\"https:\/\/eventlive-tvproduktion.de\/?p=4846\">Technik<\/a><\/div>\n\n\n\n<div class=\"wp-block-button\"><a class=\"wp-block-button__link has-vivid-red-background-color has-background wp-element-button\" href=\"https:\/\/www.youtube.com\/@Event-LiveDo\">YouTube<\/a><\/div>\n<\/div>\n\n\n\n<p><\/p>\n","protected":false},"excerpt":{"rendered":"<p>Liebe Freunde, hier findet ihr alle Spiele aus der Sporthalle Wellinghofen in voller L\u00e4nge von der 39. Hallenfu\u00dfball-Stadtmeisterschaft: Zus\u00e4tzlich k\u00f6nnt ihr euch Interviews und Highlights von verschiedenen Begegnungen auf unserem&nbsp;YouTube-Kanal ansehen. Wir w\u00fcnschen euch viel Spa\u00df beim Zuschauen! Spiel Vorrunde 27\/28.12.24<\/p>\n","protected":false},"author":5,"featured_media":0,"parent":0,"menu_order":0,"comment_status":"closed","ping_status":"closed","template":"","meta":{"footnotes":""},"class_list":["post-4906","page","type-page","status-publish","hentry"],"_links":{"self":[{"href":"https:\/\/eventlive-tvproduktion.de\/index.php?rest_route=\/wp\/v2\/pages\/4906","targetHints":{"allow":["GET"]}}],"collection":[{"href":"https:\/\/eventlive-tvproduktion.de\/index.php?rest_route=\/wp\/v2\/pages"}],"about":[{"href":"https:\/\/eventlive-tvproduktion.de\/index.php?rest_route=\/wp\/v2\/types\/page"}],"author":[{"embeddable":true,"href":"https:\/\/eventlive-tvproduktion.de\/index.php?rest_route=\/wp\/v2\/users\/5"}],"replies":[{"embeddable":true,"href":"https:\/\/eventlive-tvproduktion.de\/index.php?rest_route=%2Fwp%2Fv2%2Fcomments&post=4906"}],"version-history":[{"count":16,"href":"https:\/\/eventlive-tvproduktion.de\/index.php?rest_route=\/wp\/v2\/pages\/4906\/revisions"}],"predecessor-version":[{"id":5160,"href":"https:\/\/eventlive-tvproduktion.de\/index.php?rest_route=\/wp\/v2\/pages\/4906\/revisions\/5160"}],"wp:attachment":[{"href":"https:\/\/eventlive-tvproduktion.de\/index.php?rest_route=%2Fwp%2Fv2%2Fmedia&parent=4906"}],"curies":[{"name":"wp","href":"https:\/\/api.w.org\/{rel}","templated":true}]}}