{"id":5344,"date":"2025-02-04T11:20:27","date_gmt":"2025-02-04T10:20:27","guid":{"rendered":"https:\/\/eventlive-tvproduktion.de\/?page_id=5344"},"modified":"2025-02-22T14:58:26","modified_gmt":"2025-02-22T13:58:26","slug":"boxsport-aktuell","status":"publish","type":"page","link":"https:\/\/eventlive-tvproduktion.de\/?page_id=5344","title":{"rendered":"Boxsport Aktuell"},"content":{"rendered":"\n<p class=\"has-pale-cyan-blue-background-color has-background has-large-font-size\">Willkommen beim Dortmunder Boxsport!<\/p>\n\n\n\n<p class=\"has-white-background-color has-background\">Liebe Freunde des Boxsports, hier seid ihr genau richtig! Auf unserer Seite erfahrt ihr alles Aktuelle rund um den Dortmunder Boxsport \u2013 von anstehenden Veranstaltungen und spannenden Events bis hin zu Berichten \u00fcber vergangene K\u00e4mpfe. Au\u00dferdem halten wir euch mit den neuesten Meldungen aus der Boxsport-Szene stets auf dem Laufenden.<\/p>\n\n\n\n<p class=\"has-white-background-color has-background\">Schaut regelm\u00e4\u00dfig vorbei und bleibt immer bestens informiert \u00fcber alles, was im Boxsport passiert!<\/p>\n\n\n\n<p>Euer Team vom Dortmunder Boxsport<\/p>\n\n\n\n<div class=\"wp-block-buttons is-layout-flex wp-block-buttons-is-layout-flex\">\n<div class=\"wp-block-button\"><a class=\"wp-block-button__link has-black-color has-pale-cyan-blue-background-color has-text-color has-background has-link-color wp-element-button\" href=\"https:\/\/eventlive-tvproduktion.de\/?cat=5\">Alles zum Boxsport<\/a><\/div>\n\n\n\n<div class=\"wp-block-button\"><a class=\"wp-block-button__link has-vivid-red-background-color has-background wp-element-button\" href=\"https:\/\/eventlive-tvproduktion.de\/?page_id=5341\">Aktuelles<\/a><\/div>\n<\/div>\n\n\n<div  class=\"wp-block-ultimate-post-news-ticker ultp-block-f855fd\"><div class=\"ultp-block-wrapper ultp-news-sticky\"><div class=\"ultp-block-items-wrap\"><div class=\"ultp-news-ticker-nav1 ultp-nav-Angle2  ultp-newsTicker-wrap ultp-newstick-vertical \"><div class=\"ultp-news-ticker-label\">News Ticker<\/div><div class=\"ultp-news-ticker-box ultp-animation-slide ultp-sliderDir-up\"><ul class=\"ultp-news-ticker\" data-type=\"vertical\" data-hover=\"1\" data-direction=\"up\" data-speed=\"4000\"><li style=><div class=\"ultp-list-normal\"><a  href=\"https:\/\/eventlive-tvproduktion.de\/?p=7671\"><span style=\"\" class=\"title-text\" data-text=\"Die Zuschauer erlebten eine intensive und abwechslungsreiche Partie 36:33\">Die Zuschauer erlebten eine intensive und abwechslungsreiche Partie 36:33<\/span><\/a><span class=\"ultp-ticker-timebadge\">1\u00a0Woche ago<\/span><\/div><\/li><li style=><div class=\"ultp-list-normal\"><a  href=\"https:\/\/eventlive-tvproduktion.de\/?p=7654\"><span style=\"\" class=\"title-text\" data-text=\"BVB-Handballerinnen gewinnen den DHB-Pokal 2026! &#x1f3c6;&#x1f5a4;&#x1f49b;\">BVB-Handballerinnen gewinnen den DHB-Pokal 2026! &#x1f3c6;&#x1f5a4;&#x1f49b;<\/span><\/a><span class=\"ultp-ticker-timebadge\">4\u00a0Wochen ago<\/span><\/div><\/li><li style=><div class=\"ultp-list-normal\"><a  href=\"https:\/\/eventlive-tvproduktion.de\/?p=7609\"><span style=\"\" class=\"title-text\" data-text=\"\u201eKamera Kurs\u201c begeistert Teilnehmer \u2013 Praxisnahe Einblicke in die Medienarbeit\">\u201eKamera Kurs\u201c begeistert Teilnehmer \u2013 Praxisnahe Einblicke in die Medienarbeit<\/span><\/a><span class=\"ultp-ticker-timebadge\">2\u00a0Monaten ago<\/span><\/div><\/li><li style=><div class=\"ultp-list-normal\"><a  href=\"https:\/\/eventlive-tvproduktion.de\/?p=7607\"><span style=\"\" class=\"title-text\" data-text=\"Spitzenspiel mit klaren Vorzeichen \u2013 BVB empf\u00e4ngt Buxtehuder SV\">Spitzenspiel mit klaren Vorzeichen \u2013 BVB empf\u00e4ngt Buxtehuder SV<\/span><\/a><span class=\"ultp-ticker-timebadge\">2\u00a0Monaten ago<\/span><\/div><\/li><\/ul><\/div><div class=\"ultp-news-ticker-controls ultp-news-ticker-vertical-controls\"><button aria-label=\"Show Previous Post\" class=\"ultp-news-ticker-arrow ultp-news-ticker-prev prev\"><svg xmlns=\"http:\/\/www.w3.org\/2000\/svg\" fill=\"none\" viewBox=\"0 0 24 24\">\n  <path stroke=\"currentColor\" stroke-linecap=\"round\" stroke-linejoin=\"round\" stroke-width=\"1.5\" d=\"m15 18-6-6 6-6\"\/>\n<\/svg>\n<\/button><button aria-label=\"Pause Current Post\" id=\"ultp-pause-btn\" class=\"ultp-news-ticker-pause pause\"><\/button><button aria-label=\"Show Next Post\" class=\"ultp-news-ticker-arrow ultp-news-ticker-next next\"><svg xmlns=\"http:\/\/www.w3.org\/2000\/svg\" fill=\"none\" viewBox=\"0 0 24 24\">\n  <path stroke=\"currentColor\" stroke-linecap=\"round\" stroke-linejoin=\"round\" stroke-width=\"1.5\" d=\"m9 18 6-6-6-6\"\/>\n<\/svg>\n<\/button><\/div><\/div><\/div><\/div><\/div>\n\n<div id=\"This_is_a_Heading_Example\"  class=\"wp-block-ultimate-post-heading ultp-block-ff8cee\"><div class=\"ultp-block-wrapper\"><div class=\"ultp-heading-wrap ultp-heading-style9 ultp-heading-left\"><h2 class=\"ultp-heading-inner\"><span>This is a Heading Example<\/span><\/h2><\/div><\/div><\/div>\n\n<div  class=\"wp-block-ultimate-post-ultp-taxonomy ultp-block-512f35 \"><div class=\"ultp-block-wrapper\"><div class=\"ultp-loading\"><div class=\"ultp-loading-blocks\" style=\"width:100%;height:100%;\"><div style=\"left: 0;top: 0;animation-delay:0s;\"><\/div><div style=\"left: 21px;top: 0;animation-delay:0.125s;\"><\/div><div style=\"left: 42px;top: 0;animation-delay:0.25s;\"><\/div><div style=\"left: 0;top: 21px;animation-delay:0.875s;\"><\/div><div style=\"left: 42px;top: 21px;animation-delay:0.375s;\"><\/div><div style=\"left: 0;top: 42px;animation-delay:0.75s;\"><\/div><div style=\"left: 42px;top: 42px;animation-delay:0.625s;\"><\/div><div style=\"left: 21px;top: 42px;animation-delay:0.5s;\"><\/div><\/div><\/div><div class=\"ultp-block-items-wrap\"><ul class=\"ultp-taxonomy-items  ultp-taxonomy-animation-none ultp-taxonomy-column-1 ultp-taxonomy-layout-1\"><li class=\"ultp-block-item ultp-taxonomy-item\"><a href=\"https:\/\/eventlive-tvproduktion.de\/?cat=31\" ><span class=\"ultp-taxonomy-name\" >Aktuelles<\/span><span class=\"ultp-taxonomy-count\" >377<\/span><\/a><\/li><li class=\"ultp-block-item ultp-taxonomy-item\"><a href=\"https:\/\/eventlive-tvproduktion.de\/?cat=4\" ><span class=\"ultp-taxonomy-name\" >BVB Handball Damen<\/span><span class=\"ultp-taxonomy-count\" >14<\/span><\/a><\/li><li class=\"ultp-block-item ultp-taxonomy-item\"><a href=\"https:\/\/eventlive-tvproduktion.de\/?cat=16\" ><span class=\"ultp-taxonomy-name\" >BVB Profifussball<\/span><span class=\"ultp-taxonomy-count\" >11<\/span><\/a><\/li><li class=\"ultp-block-item ultp-taxonomy-item\"><a href=\"https:\/\/eventlive-tvproduktion.de\/?cat=5\" ><span class=\"ultp-taxonomy-name\" >Dortmunder Boxsport<\/span><span class=\"ultp-taxonomy-count\" >95<\/span><\/a><\/li><li class=\"ultp-block-item ultp-taxonomy-item\"><a href=\"https:\/\/eventlive-tvproduktion.de\/?cat=3\" ><span class=\"ultp-taxonomy-name\" >Dortmunder Sport<\/span><span class=\"ultp-taxonomy-count\" >117<\/span><\/a><\/li><li class=\"ultp-block-item ultp-taxonomy-item\"><a href=\"https:\/\/eventlive-tvproduktion.de\/?cat=249\" ><span class=\"ultp-taxonomy-name\" >Show<\/span><span class=\"ultp-taxonomy-count\" >3<\/span><\/a><\/li><\/ul><\/div><\/div><\/div>\n\n\n<p><\/p>\n","protected":false},"excerpt":{"rendered":"<p>Willkommen beim Dortmunder Boxsport! Liebe Freunde des Boxsports, hier seid ihr genau richtig! Auf unserer Seite erfahrt ihr alles Aktuelle rund um den Dortmunder Boxsport \u2013 von anstehenden Veranstaltungen und spannenden Events bis hin zu Berichten \u00fcber vergangene K\u00e4mpfe. Au\u00dferdem halten wir euch mit den neuesten Meldungen aus der Boxsport-Szene stets auf dem Laufenden. Schaut [&hellip;]<\/p>\n","protected":false},"author":5,"featured_media":4707,"parent":0,"menu_order":0,"comment_status":"closed","ping_status":"closed","template":"","meta":{"footnotes":""},"class_list":["post-5344","page","type-page","status-publish","has-post-thumbnail","hentry"],"_links":{"self":[{"href":"https:\/\/eventlive-tvproduktion.de\/index.php?rest_route=\/wp\/v2\/pages\/5344","targetHints":{"allow":["GET"]}}],"collection":[{"href":"https:\/\/eventlive-tvproduktion.de\/index.php?rest_route=\/wp\/v2\/pages"}],"about":[{"href":"https:\/\/eventlive-tvproduktion.de\/index.php?rest_route=\/wp\/v2\/types\/page"}],"author":[{"embeddable":true,"href":"https:\/\/eventlive-tvproduktion.de\/index.php?rest_route=\/wp\/v2\/users\/5"}],"replies":[{"embeddable":true,"href":"https:\/\/eventlive-tvproduktion.de\/index.php?rest_route=%2Fwp%2Fv2%2Fcomments&post=5344"}],"version-history":[{"count":7,"href":"https:\/\/eventlive-tvproduktion.de\/index.php?rest_route=\/wp\/v2\/pages\/5344\/revisions"}],"predecessor-version":[{"id":5530,"href":"https:\/\/eventlive-tvproduktion.de\/index.php?rest_route=\/wp\/v2\/pages\/5344\/revisions\/5530"}],"wp:featuredmedia":[{"embeddable":true,"href":"https:\/\/eventlive-tvproduktion.de\/index.php?rest_route=\/wp\/v2\/media\/4707"}],"wp:attachment":[{"href":"https:\/\/eventlive-tvproduktion.de\/index.php?rest_route=%2Fwp%2Fv2%2Fmedia&parent=5344"}],"curies":[{"name":"wp","href":"https:\/\/api.w.org\/{rel}","templated":true}]}}