{"id":7095,"date":"2025-12-12T14:04:20","date_gmt":"2025-12-12T13:04:20","guid":{"rendered":"https:\/\/eventlive-tvproduktion.de\/?page_id=7095"},"modified":"2026-01-05T13:54:01","modified_gmt":"2026-01-05T12:54:01","slug":"videos-zur-stadtmeisterchaft","status":"publish","type":"page","link":"https:\/\/eventlive-tvproduktion.de\/?page_id=7095","title":{"rendered":"Videos zur Stadtmeisterchaft 2026"},"content":{"rendered":"\n<p class=\"has-medium-font-size\"><a href=\"https:\/\/www.youtube.com\/@Event-LiveDo\/videos\"><strong>Alle Videos gibt es Hier auf YouTube von Event Live<\/strong><\/a><\/p>\n\n\n\n<p class=\"has-white-background-color has-background\">Selbstverst\u00e4ndlich wird auch von der Zwischenrunde und Endrunde ausf\u00fchrlich berichtet. Durch die \u00dcbertragungen f\u00fchren die erfahrenen Moderatoren Uwe Szesny, Uwe Kisker und Ben Duwenbeck Freut euch auf eine exzellente Live-Produktion mit modernster TV-Technik: mehrere Kameras, Zeitlupen, Highlights und vieles mehr. Einschalten lohnt sich<\/p>\n\n\n\n<p class=\"has-white-background-color has-background\">Liebe Freunde,<br><strong>hier findest du alle Spiele<\/strong> der <strong>40. Hallenfu\u00dfball-Stadtmeisterschaft<\/strong> aus der <strong>Sporthalle Huckarde<\/strong>. Freut euch auf spannende Vorrundenspiele und Zwischenrundenspiele, viele Tore und hochklassigen Hallenfu\u00dfball. Schon in der Gruppenphase k\u00e4mpfen die Teams um jeden Punkt und den Einzug in die n\u00e4chste Runde.<br>F\u00fcr beste Stimmung sorgen <strong>Uwe Szesny<\/strong>, <strong>Bem Duwenbeck<\/strong> am Mikrofon sowie <strong>Uwe Kisker<\/strong> als Reporter \u2013 Hallenfu\u00dfball pur &#x26bd;&#x1f3c6;<\/p>\n\n\n\n<p class=\"has-cyan-bluish-gray-background-color has-background\"><strong>Hier gibt es die Zwischenrunden Spiele aus Dortmund Huckarde <\/strong><\/p>\n\n\n\n<figure class=\"wp-block-embed is-type-video is-provider-youtube wp-block-embed-youtube wp-embed-aspect-16-9 wp-has-aspect-ratio\"><div class=\"wp-block-embed__wrapper\">\n<iframe loading=\"lazy\" title=\"40. HSM Zwischenrunde Spiel 1 ASC 09 Dortmund -  Dorstfelder SC (Riesen \u00dcberraschung)\" width=\"640\" height=\"360\" src=\"https:\/\/www.youtube.com\/embed\/ea02SEFC6Cw?feature=oembed\" frameborder=\"0\" allow=\"accelerometer; autoplay; clipboard-write; encrypted-media; gyroscope; picture-in-picture; web-share\" referrerpolicy=\"strict-origin-when-cross-origin\" allowfullscreen><\/iframe>\n<\/div><\/figure>\n\n\n\n<figure class=\"wp-block-embed is-type-video is-provider-youtube wp-block-embed-youtube wp-embed-aspect-16-9 wp-has-aspect-ratio\"><div class=\"wp-block-embed__wrapper\">\n<iframe loading=\"lazy\" title=\"40.HSM Zwischenrunde  Spiel 2 RW BALIKESIRSPOR - FC SANDZAK (Entscheidung in letzter Sekunde)\" width=\"640\" height=\"360\" src=\"https:\/\/www.youtube.com\/embed\/BrQFRth7zVc?feature=oembed\" frameborder=\"0\" allow=\"accelerometer; autoplay; clipboard-write; encrypted-media; gyroscope; picture-in-picture; web-share\" referrerpolicy=\"strict-origin-when-cross-origin\" allowfullscreen><\/iframe>\n<\/div><\/figure>\n\n\n\n<figure class=\"wp-block-embed is-type-video is-provider-youtube wp-block-embed-youtube wp-embed-aspect-16-9 wp-has-aspect-ratio\"><div class=\"wp-block-embed__wrapper\">\n<iframe loading=\"lazy\" title=\"40.HSM Zwischenrunde Spiel 3 TV Brechten -  ASC 09 Dortmund (Aplerbeck vor dem Aus...?)\" width=\"640\" height=\"360\" src=\"https:\/\/www.youtube.com\/embed\/v25x6bQvoOs?feature=oembed\" frameborder=\"0\" allow=\"accelerometer; autoplay; clipboard-write; encrypted-media; gyroscope; picture-in-picture; web-share\" referrerpolicy=\"strict-origin-when-cross-origin\" allowfullscreen><\/iframe>\n<\/div><\/figure>\n\n\n\n<figure class=\"wp-block-embed is-type-video is-provider-youtube wp-block-embed-youtube wp-embed-aspect-16-9 wp-has-aspect-ratio\"><div class=\"wp-block-embed__wrapper\">\n<iframe loading=\"lazy\" title=\"40. HSM Zwischenrunde Spiel 4 SC Osmanlispor - RW Balikespor (Schafft RW dien\u00e4schte \u00dcberraschung)\" width=\"640\" height=\"360\" src=\"https:\/\/www.youtube.com\/embed\/rhMhPE7H2w0?feature=oembed\" frameborder=\"0\" allow=\"accelerometer; autoplay; clipboard-write; encrypted-media; gyroscope; picture-in-picture; web-share\" referrerpolicy=\"strict-origin-when-cross-origin\" allowfullscreen><\/iframe>\n<\/div><\/figure>\n\n\n\n<figure class=\"wp-block-embed is-type-video is-provider-youtube wp-block-embed-youtube wp-embed-aspect-16-9 wp-has-aspect-ratio\"><div class=\"wp-block-embed__wrapper\">\n<iframe loading=\"lazy\" title=\"40. HSM Zwischenrunde Spiel 5 Dorstfelder SC - TV Brechten (Last-Minute K.O.)\" width=\"640\" height=\"360\" src=\"https:\/\/www.youtube.com\/embed\/3FgSns2-t9A?feature=oembed\" frameborder=\"0\" allow=\"accelerometer; autoplay; clipboard-write; encrypted-media; gyroscope; picture-in-picture; web-share\" referrerpolicy=\"strict-origin-when-cross-origin\" allowfullscreen><\/iframe>\n<\/div><\/figure>\n\n\n\n<p class=\"has-pale-cyan-blue-background-color has-background\"><strong>Hier gibt es die Vorrunden Spiele aus Dortmund Huckarde <\/strong><\/p>\n\n\n\n<div class=\"wp-block-buttons is-layout-flex wp-block-buttons-is-layout-flex\">\n<div class=\"wp-block-button\"><a class=\"wp-block-button__link has-luminous-vivid-orange-background-color has-background wp-element-button\" href=\"https:\/\/www.youtube.com\/@Event-LiveDo\/videos\">Weitere Videos gibt es Hier der Zwischenrunde<\/a><\/div>\n<\/div>\n\n\n\n<figure class=\"wp-block-embed is-type-video is-provider-youtube wp-block-embed-youtube wp-embed-aspect-16-9 wp-has-aspect-ratio\"><div class=\"wp-block-embed__wrapper\">\n<iframe loading=\"lazy\" title=\"40. HSM 2026  Spiel:1 Samstag, 27.12.25 Vorrunde  RW Balikesirspor - Arminia  Marten\" width=\"640\" height=\"360\" src=\"https:\/\/www.youtube.com\/embed\/PpOeBLHD6Ek?feature=oembed\" frameborder=\"0\" allow=\"accelerometer; autoplay; clipboard-write; encrypted-media; gyroscope; picture-in-picture; web-share\" referrerpolicy=\"strict-origin-when-cross-origin\" allowfullscreen><\/iframe>\n<\/div><\/figure>\n\n\n\n<figure class=\"wp-block-embed is-type-video is-provider-youtube wp-block-embed-youtube wp-embed-aspect-16-9 wp-has-aspect-ratio\"><div class=\"wp-block-embed__wrapper\">\n<iframe loading=\"lazy\" title=\"40. HSM 2026 Spiel: 2 Vorrunde 27.12.25  TuS Eving Lindenhorst - ASC 09 Dortmund\" width=\"640\" height=\"360\" src=\"https:\/\/www.youtube.com\/embed\/YFJ4aj0BtI4?feature=oembed\" frameborder=\"0\" allow=\"accelerometer; autoplay; clipboard-write; encrypted-media; gyroscope; picture-in-picture; web-share\" referrerpolicy=\"strict-origin-when-cross-origin\" allowfullscreen><\/iframe>\n<\/div><\/figure>\n\n\n\n<figure class=\"wp-block-embed is-type-video is-provider-youtube wp-block-embed-youtube wp-embed-aspect-16-9 wp-has-aspect-ratio\"><div class=\"wp-block-embed__wrapper\">\n<iframe loading=\"lazy\" title=\"40. HSM Spiel: 3 Vorrunde 27.12.25 TV Brechten -  RW Balikesirspor\" width=\"640\" height=\"360\" src=\"https:\/\/www.youtube.com\/embed\/df8tpam4M1c?feature=oembed\" frameborder=\"0\" allow=\"accelerometer; autoplay; clipboard-write; encrypted-media; gyroscope; picture-in-picture; web-share\" referrerpolicy=\"strict-origin-when-cross-origin\" allowfullscreen><\/iframe>\n<\/div><\/figure>\n\n\n\n<figure class=\"wp-block-embed is-type-video is-provider-youtube wp-block-embed-youtube wp-embed-aspect-16-9 wp-has-aspect-ratio\"><div class=\"wp-block-embed__wrapper\">\n<iframe loading=\"lazy\" title=\"40. HSM Spiel 4 Vorrunde 27.12.25 Ugarit FC - TuS Eving Lindenhorst\" width=\"640\" height=\"360\" src=\"https:\/\/www.youtube.com\/embed\/KYsLFCLuho4?feature=oembed\" frameborder=\"0\" allow=\"accelerometer; autoplay; clipboard-write; encrypted-media; gyroscope; picture-in-picture; web-share\" referrerpolicy=\"strict-origin-when-cross-origin\" allowfullscreen><\/iframe>\n<\/div><\/figure>\n\n\n\n<figure class=\"wp-block-embed is-type-video is-provider-youtube wp-block-embed-youtube wp-embed-aspect-16-9 wp-has-aspect-ratio\"><div class=\"wp-block-embed__wrapper\">\n<iframe loading=\"lazy\" title=\"40. HSM Spiel 5 Vorrunde  27.12.25 Ar. Marten - TV Brechten\" width=\"640\" height=\"360\" src=\"https:\/\/www.youtube.com\/embed\/MroGTGP2Z2s?feature=oembed\" frameborder=\"0\" allow=\"accelerometer; autoplay; clipboard-write; encrypted-media; gyroscope; picture-in-picture; web-share\" referrerpolicy=\"strict-origin-when-cross-origin\" allowfullscreen><\/iframe>\n<\/div><\/figure>\n\n\n\n<figure class=\"wp-block-embed is-type-video is-provider-youtube wp-block-embed-youtube wp-embed-aspect-16-9 wp-has-aspect-ratio\"><div class=\"wp-block-embed__wrapper\">\n<iframe loading=\"lazy\" title=\"40. HSM Spiel: 6 Vorrunde 27.12.25 ASC 09 Dortmund - Ugarit FC\" width=\"640\" height=\"360\" src=\"https:\/\/www.youtube.com\/embed\/GTRvlV_sd7Y?feature=oembed\" frameborder=\"0\" allow=\"accelerometer; autoplay; clipboard-write; encrypted-media; gyroscope; picture-in-picture; web-share\" referrerpolicy=\"strict-origin-when-cross-origin\" allowfullscreen><\/iframe>\n<\/div><\/figure>\n\n\n\n<figure class=\"wp-block-embed is-type-video is-provider-youtube wp-block-embed-youtube wp-embed-aspect-16-9 wp-has-aspect-ratio\"><div class=\"wp-block-embed__wrapper\">\n<iframe loading=\"lazy\" title=\"40. HSM Spiel: 7 Vorrunde 27.12.25 RW Balikesirspor  - Ugarit FC\" width=\"640\" height=\"360\" src=\"https:\/\/www.youtube.com\/embed\/2IbeYTQWESc?feature=oembed\" frameborder=\"0\" allow=\"accelerometer; autoplay; clipboard-write; encrypted-media; gyroscope; picture-in-picture; web-share\" referrerpolicy=\"strict-origin-when-cross-origin\" allowfullscreen><\/iframe>\n<\/div><\/figure>\n\n\n\n<figure class=\"wp-block-embed is-type-video is-provider-youtube wp-block-embed-youtube wp-embed-aspect-16-9 wp-has-aspect-ratio\"><div class=\"wp-block-embed__wrapper\">\n<iframe loading=\"lazy\" title=\"40. HSM Spiel 8 Vorrunde 27.12.25 TuS Eving  Lindenhorst - Arminia Marten\" width=\"640\" height=\"360\" src=\"https:\/\/www.youtube.com\/embed\/GN2M8q54l10?feature=oembed\" frameborder=\"0\" allow=\"accelerometer; autoplay; clipboard-write; encrypted-media; gyroscope; picture-in-picture; web-share\" referrerpolicy=\"strict-origin-when-cross-origin\" allowfullscreen><\/iframe>\n<\/div><\/figure>\n\n\n\n<p class=\"has-pale-cyan-blue-background-color has-background\">Hier gibt es alle Spiele von Sonntag,28.12.25 aus der Halle Huckarde<\/p>\n\n\n\n<figure class=\"wp-block-embed is-type-video is-provider-youtube wp-block-embed-youtube wp-embed-aspect-16-9 wp-has-aspect-ratio\"><div class=\"wp-block-embed__wrapper\">\n<iframe loading=\"lazy\" title=\"40. HSM Spiel 1 Tag 2 Vorrunde 28.12.25  GW Kley - FC Wellinghofen\" width=\"640\" height=\"360\" src=\"https:\/\/www.youtube.com\/embed\/qqFJDxXqiV0?feature=oembed\" frameborder=\"0\" allow=\"accelerometer; autoplay; clipboard-write; encrypted-media; gyroscope; picture-in-picture; web-share\" referrerpolicy=\"strict-origin-when-cross-origin\" allowfullscreen><\/iframe>\n<\/div><\/figure>\n\n\n\n<figure class=\"wp-block-embed is-type-video is-provider-youtube wp-block-embed-youtube wp-embed-aspect-16-9 wp-has-aspect-ratio\"><div class=\"wp-block-embed__wrapper\">\n<iframe loading=\"lazy\" title=\"40. HSM Spiel 2 Tag 2 Vorrunde 28.12.25 FC Sandzak - TuS Holzen Sommerberg\" width=\"640\" height=\"360\" src=\"https:\/\/www.youtube.com\/embed\/h-9TjBGSWKY?feature=oembed\" frameborder=\"0\" allow=\"accelerometer; autoplay; clipboard-write; encrypted-media; gyroscope; picture-in-picture; web-share\" referrerpolicy=\"strict-origin-when-cross-origin\" allowfullscreen><\/iframe>\n<\/div><\/figure>\n\n\n\n<figure class=\"wp-block-embed is-type-video is-provider-youtube wp-block-embed-youtube wp-embed-aspect-16-9 wp-has-aspect-ratio\"><div class=\"wp-block-embed__wrapper\">\n<iframe loading=\"lazy\" title=\"40. HSM Spiel 3 Tag 2 Vorrunde 28.12.25  BW Huckarde - GW Kley\" width=\"640\" height=\"360\" src=\"https:\/\/www.youtube.com\/embed\/vq3etFaYPNk?feature=oembed\" frameborder=\"0\" allow=\"accelerometer; autoplay; clipboard-write; encrypted-media; gyroscope; picture-in-picture; web-share\" referrerpolicy=\"strict-origin-when-cross-origin\" allowfullscreen><\/iframe>\n<\/div><\/figure>\n\n\n\n<figure class=\"wp-block-embed is-type-video is-provider-youtube wp-block-embed-youtube wp-embed-aspect-16-9 wp-has-aspect-ratio\"><div class=\"wp-block-embed__wrapper\">\n<iframe loading=\"lazy\" title=\"Highlights der ersten drei Spiele am Sonntag 28.12.25  Teil 1\" width=\"640\" height=\"360\" src=\"https:\/\/www.youtube.com\/embed\/4-k0Ryd_kq8?feature=oembed\" frameborder=\"0\" allow=\"accelerometer; autoplay; clipboard-write; encrypted-media; gyroscope; picture-in-picture; web-share\" referrerpolicy=\"strict-origin-when-cross-origin\" allowfullscreen><\/iframe>\n<\/div><\/figure>\n\n\n\n<figure class=\"wp-block-embed is-type-video is-provider-youtube wp-block-embed-youtube wp-embed-aspect-16-9 wp-has-aspect-ratio\"><div class=\"wp-block-embed__wrapper\">\n<iframe loading=\"lazy\" title=\"40. HSM Spiel 4 Tag 2 Vorrunde 28.12.25 FV Scharnhorst  -  FC Sandzak\" width=\"640\" height=\"360\" src=\"https:\/\/www.youtube.com\/embed\/r8h5k9Z6-8s?feature=oembed\" frameborder=\"0\" allow=\"accelerometer; autoplay; clipboard-write; encrypted-media; gyroscope; picture-in-picture; web-share\" referrerpolicy=\"strict-origin-when-cross-origin\" allowfullscreen><\/iframe>\n<\/div><\/figure>\n\n\n\n<figure class=\"wp-block-embed is-type-video is-provider-youtube wp-block-embed-youtube wp-embed-aspect-16-9 wp-has-aspect-ratio\"><div class=\"wp-block-embed__wrapper\">\n<iframe loading=\"lazy\" title=\"40. HSM Spiel 5 Tag 2 Vorrunde 28.12.25:  FC Wellinghofen -  BW Huckarde\" width=\"640\" height=\"360\" src=\"https:\/\/www.youtube.com\/embed\/mELuGpLs9eI?feature=oembed\" frameborder=\"0\" allow=\"accelerometer; autoplay; clipboard-write; encrypted-media; gyroscope; picture-in-picture; web-share\" referrerpolicy=\"strict-origin-when-cross-origin\" allowfullscreen><\/iframe>\n<\/div><\/figure>\n\n\n\n<figure class=\"wp-block-embed is-type-video is-provider-youtube wp-block-embed-youtube wp-embed-aspect-16-9 wp-has-aspect-ratio\"><div class=\"wp-block-embed__wrapper\">\n<iframe loading=\"lazy\" title=\"40. HSM Spiel 6 Tag 2 Vorrunde: 28.12.25 TuS Holzen Sommerberg - FV Scharnhorst\" width=\"640\" height=\"360\" src=\"https:\/\/www.youtube.com\/embed\/dJ6UqPAqiR0?feature=oembed\" frameborder=\"0\" allow=\"accelerometer; autoplay; clipboard-write; encrypted-media; gyroscope; picture-in-picture; web-share\" referrerpolicy=\"strict-origin-when-cross-origin\" allowfullscreen><\/iframe>\n<\/div><\/figure>\n\n\n\n<figure class=\"wp-block-embed is-type-video is-provider-youtube wp-block-embed-youtube wp-embed-aspect-16-9 wp-has-aspect-ratio\"><div class=\"wp-block-embed__wrapper\">\n<iframe loading=\"lazy\" title=\"Highlighs Teil 2 der Vorrunde am Sonntag  28.12.25 aus Huckarde\" width=\"640\" height=\"360\" src=\"https:\/\/www.youtube.com\/embed\/YNbUQRDHXGs?feature=oembed\" frameborder=\"0\" allow=\"accelerometer; autoplay; clipboard-write; encrypted-media; gyroscope; picture-in-picture; web-share\" referrerpolicy=\"strict-origin-when-cross-origin\" allowfullscreen><\/iframe>\n<\/div><\/figure>\n\n\n\n<figure class=\"wp-block-embed is-type-video is-provider-youtube wp-block-embed-youtube wp-embed-aspect-16-9 wp-has-aspect-ratio\"><div class=\"wp-block-embed__wrapper\">\n<iframe loading=\"lazy\" title=\"40.HSM Spiel 7 Tag 2 Vorrunde 28.12.25 Zw.Gr. 3 BW Huckarde -Dritter Gr.4  FV Scharnhorst\" width=\"640\" height=\"360\" src=\"https:\/\/www.youtube.com\/embed\/S02aHO4h6_0?feature=oembed\" frameborder=\"0\" allow=\"accelerometer; autoplay; clipboard-write; encrypted-media; gyroscope; picture-in-picture; web-share\" referrerpolicy=\"strict-origin-when-cross-origin\" allowfullscreen><\/iframe>\n<\/div><\/figure>\n\n\n\n<figure class=\"wp-block-embed is-type-video is-provider-youtube wp-block-embed-youtube wp-embed-aspect-16-9 wp-has-aspect-ratio\"><div class=\"wp-block-embed__wrapper\">\n<iframe loading=\"lazy\" title=\"40. HSM Spiel 8 Tag 2 Vorrunde Zw.Gr.4 FC Sandzak  - Dritter Gr. 3 GW Kley\" width=\"640\" height=\"360\" src=\"https:\/\/www.youtube.com\/embed\/AnJE2gCnxwo?feature=oembed\" frameborder=\"0\" allow=\"accelerometer; autoplay; clipboard-write; encrypted-media; gyroscope; picture-in-picture; web-share\" referrerpolicy=\"strict-origin-when-cross-origin\" allowfullscreen><\/iframe>\n<\/div><\/figure>\n\n\n\n<figure class=\"wp-block-embed is-type-video is-provider-youtube wp-block-embed-youtube wp-embed-aspect-16-9 wp-has-aspect-ratio\"><div class=\"wp-block-embed__wrapper\">\n<iframe loading=\"lazy\" title=\"Highlighs Teil 3 der Vorrunde am Sonntag 28.12.25 aus Huckarde\" width=\"640\" height=\"360\" src=\"https:\/\/www.youtube.com\/embed\/3-mrWvsozLM?feature=oembed\" frameborder=\"0\" allow=\"accelerometer; autoplay; clipboard-write; encrypted-media; gyroscope; picture-in-picture; web-share\" referrerpolicy=\"strict-origin-when-cross-origin\" allowfullscreen><\/iframe>\n<\/div><\/figure>\n\n\n\n<figure class=\"wp-block-embed is-type-video is-provider-youtube wp-block-embed-youtube wp-embed-aspect-16-9 wp-has-aspect-ratio\"><div class=\"wp-block-embed__wrapper\">\n<iframe loading=\"lazy\" title=\"Diskussion um Preise bei der Hallenfu\u00dfball-Stadtmeisterschaft: Andreas Edelstein nimmt Stellung\" width=\"640\" height=\"360\" src=\"https:\/\/www.youtube.com\/embed\/B5tpXSAOtzw?feature=oembed\" frameborder=\"0\" allow=\"accelerometer; autoplay; clipboard-write; encrypted-media; gyroscope; picture-in-picture; web-share\" referrerpolicy=\"strict-origin-when-cross-origin\" allowfullscreen><\/iframe>\n<\/div><\/figure>\n\n\n\n<p class=\"has-white-background-color has-background\">Dortmund\/Brechten \u2013 Beim Hallenfu\u00dfball am vergangenen Samstag sorgte ein Transparent der Fans des TV Brechten f\u00fcr Aufmerksamkeit. Unter dem Slogan \u201eChampions-League-Preise im Amateurfu\u00dfball\u201c machten die Anh\u00e4nger auf ihre Kritik an der Preisgestaltung bei der Hallenfu\u00dfball-Stadtmeisterschaft aufmerksam. Die Aktion l\u00f6ste eine breite Diskussion innerhalb der regionalen Fu\u00dfballszene aus.<\/p>\n\n\n\n<p class=\"has-white-background-color has-background\">Inzwischen hat sich der Kreisvorsitzende des Fu\u00dfballkreises Dortmund, Andreas Edelstein, in einem ausf\u00fchrlichen Interview mit Moderator Uwe Kisker zu dem Thema ge\u00e4u\u00dfert. Edelstein nahm dabei Stellung zu den Vorw\u00fcrfen und erkl\u00e4rte die Hintergr\u00fcnde der aktuellen Preisstruktur. Im Interview wird deutlich, dass die Anpassung der Preise nicht grundlos erfolgte, sondern auf gestiegene Kosten in den Bereichen Organisation, Hallennutzung, Sicherheit und Durchf\u00fchrung der Veranstaltung zur\u00fcckzuf\u00fchren ist.<\/p>\n\n\n\n<p class=\"has-white-background-color has-background\">Parallel dazu wurde das Thema auch auf der Facebook-Seite von Moderator Uwe Kisker intensiv diskutiert. Zahlreiche Fans, Vereinsverantwortliche und Fu\u00dfballinteressierte beteiligten sich an der Debatte und tauschten unterschiedliche Sichtweisen zur Preisentwicklung im Amateurfu\u00dfball aus.<\/p>\n\n\n\n<p class=\"has-white-background-color has-background\">Das Interview mit Andreas Edelstein liefert wichtige Einblicke und hilft dabei, die Entscheidungstr\u00e4ger und ihre Beweggr\u00fcnde besser zu verstehen. Wer sich umfassend informieren m\u00f6chte, sollte dieses Gespr\u00e4ch nicht verpassen \u2013 denn es zeigt nachvollziehbar auf, warum die Preise bei der Hallenfu\u00dfball-Stadtmeisterschaft leicht angehoben werden mussten.<\/p>\n\n\n\n<figure class=\"wp-block-embed is-type-video is-provider-youtube wp-block-embed-youtube wp-embed-aspect-16-9 wp-has-aspect-ratio\"><div class=\"wp-block-embed__wrapper\">\n<iframe loading=\"lazy\" title=\"Sport-Live: 40. Jahre &quot;Dortmunder-Hallenfu\u00dfball-Stadtmeisterschaft&quot;\" width=\"640\" height=\"360\" src=\"https:\/\/www.youtube.com\/embed\/78YNxSydZl4?feature=oembed\" frameborder=\"0\" allow=\"accelerometer; autoplay; clipboard-write; encrypted-media; gyroscope; picture-in-picture; web-share\" referrerpolicy=\"strict-origin-when-cross-origin\" allowfullscreen><\/iframe>\n<\/div><\/figure>\n\n\n\n<p class=\"has-white-background-color has-background\">Die Ausgabe des lokalen Sportmagazins Sport-Live widmete sich umfassend der Dortmunder Hallenfu\u00dfball-Stadtmeisterschaft. Ende Januar steht ein besonderes Jubil\u00e4um an: Die 40. Auflage der M\u00e4nner und die 25. der Frauen werden ausgetragen. Anlass genug f\u00fcr die Redaktion, eine ausf\u00fchrliche Sondersendung zu produzieren. Hochkar\u00e4tige G\u00e4ste im Studio Im Studio begr\u00fc\u00dften die Moderatoren Uwe Kisker und Tim Schmutzler zwei ausgewiesene Kenner des Dortmunder Amateurfu\u00dfballs: Andreas Edelstein, Kreisvorsitzender J\u00fcrgen Grondziewski, Ehrenkreisvorsitzende Beide gaben spannende Einblicke in die Entwicklung des Turniers, das seit Jahrzehnten einen festen Platz im Dortmunder Sportkalender hat. R\u00fcckblick auf fast 40 Jahre Hallenfu\u00dfball Ein Schwerpunkt der Sendung lag auf der historischen Entwicklung der Stadtmeisterschaften. Das Redaktionsteam warf einen intensiven Blick zur\u00fcck auf die 1990er-Jahre \u2013 eine Zeit, in der der Hallenfu\u00dfball in Dortmund eine enorm gro\u00dfe Begeisterung ausl\u00f6ste. Dazu zeigte Sport-Live seltenes und inzwischen historisches Videomaterial aus dieser \u00c4ra. Obwohl die technische Qualit\u00e4t aufgrund fehlender Digitaltechnik noch weit von heutigen Standards entfernt war, verfehlten die Aufnahmen ihre Wirkung nicht: Die Bilder aus der Sporthalle Wellinghofen zeigten Fans, die mit beeindruckender Stimmung ihre Teams anfeuerten. Die pr\u00e4genden Vereine der 90er Besonders im Fokus standen die damaligen Erfolgsteams. 1994 wurde der H\u00f6rder SC Stadtmeister, zuvor dominierte der VfR S\u00f6lde, die insgesamt erfolgreichste Mannschaft jener Dekade. Doch auch Vereine wie TV Brechten, Hombrucher SV und weitere spielten in den 90ern eine zentrale Rolle und sorgten f\u00fcr spannende Wettbewerbe.<\/p>\n\n\n\n<figure class=\"wp-block-embed is-type-video is-provider-youtube wp-block-embed-youtube wp-embed-aspect-16-9 wp-has-aspect-ratio\"><div class=\"wp-block-embed__wrapper\">\n<iframe loading=\"lazy\" title=\"Qualifikation zur 40. Hallenfu\u00dfball-Stadtmeisterschaft: TuS B\u00f6vinghausen 25 begeistert !\" width=\"640\" height=\"360\" src=\"https:\/\/www.youtube.com\/embed\/vHbmy0eTPZg?feature=oembed\" frameborder=\"0\" allow=\"accelerometer; autoplay; clipboard-write; encrypted-media; gyroscope; picture-in-picture; web-share\" referrerpolicy=\"strict-origin-when-cross-origin\" allowfullscreen><\/iframe>\n<\/div><\/figure>\n\n\n\n<p class=\"has-white-background-color has-background\">In der Sporthalle Kreuzstra\u00dfe fand die Qualifikationsrunde der Dortmunder Fu\u00dfball-Kreisliga-Mannschaften zur Teilnahme an der Vorrunde der 40. Hallenfu\u00dfball-Stadtmeisterschaft statt. Im Mittelpunkt des Geschehens stand der TuS B\u00f6vinghausen 25, ein Verein, der erst im Jahr 2025 neu gegr\u00fcndet wurde und dennoch bereits f\u00fcr Aufsehen sorgt. Die Mannschaft \u00fcberzeugte mit starken spielerischen Leistungen, gro\u00dfem Einsatz und sehenswerten Toren. Unterst\u00fctzt von lautstarken Fans entwickelte sich in der Halle eine mitrei\u00dfende Atmosph\u00e4re, die den Charakter des Hallenfu\u00dfballs perfekt widerspiegelte. Neben den sportlichen Highlights kamen auch die Stimmen abseits des Spielfeldes zu Wort: In Interviews sprachen wir mit dem Vorsitzenden des TuS B\u00f6vinghausen 25 sowie mit dem Trainer \u00fcber die ambitionierten Ziele des jungen Vereins. Zudem war Jan Sauer, Kreiskassierer des Fu\u00dfballkreises Dortmund, zu Gast am Mikrofon und gab Einblicke in die aktuelle Situation des Ticketvorverkaufs. Eintrittskarten sind ab sofort auch online erh\u00e4ltlich. Das Video bietet beste Unterhaltung: tolle Tore, spannende Spiele, interessante Interviews und jede Menge gute Stimmung. Begleiten Sie den TuS B\u00f6vinghausen 25 auf seinem Weg in Richtung Vorrunde der Hallenfu\u00dfball-Stadtmeisterschaft und erleben Sie Hallenfu\u00dfball hautnah.<\/p>\n","protected":false},"excerpt":{"rendered":"<p>Alle Videos gibt es Hier auf YouTube von Event Live Selbstverst\u00e4ndlich wird auch von der Zwischenrunde und Endrunde ausf\u00fchrlich berichtet. Durch die \u00dcbertragungen f\u00fchren die erfahrenen Moderatoren Uwe Szesny, Uwe Kisker und Ben Duwenbeck Freut euch auf eine exzellente Live-Produktion mit modernster TV-Technik: mehrere Kameras, Zeitlupen, Highlights und vieles mehr. Einschalten lohnt sich Liebe Freunde,hier [&hellip;]<\/p>\n","protected":false},"author":5,"featured_media":0,"parent":0,"menu_order":0,"comment_status":"closed","ping_status":"closed","template":"","meta":{"footnotes":""},"class_list":["post-7095","page","type-page","status-publish","hentry"],"_links":{"self":[{"href":"https:\/\/eventlive-tvproduktion.de\/index.php?rest_route=\/wp\/v2\/pages\/7095","targetHints":{"allow":["GET"]}}],"collection":[{"href":"https:\/\/eventlive-tvproduktion.de\/index.php?rest_route=\/wp\/v2\/pages"}],"about":[{"href":"https:\/\/eventlive-tvproduktion.de\/index.php?rest_route=\/wp\/v2\/types\/page"}],"author":[{"embeddable":true,"href":"https:\/\/eventlive-tvproduktion.de\/index.php?rest_route=\/wp\/v2\/users\/5"}],"replies":[{"embeddable":true,"href":"https:\/\/eventlive-tvproduktion.de\/index.php?rest_route=%2Fwp%2Fv2%2Fcomments&post=7095"}],"version-history":[{"count":19,"href":"https:\/\/eventlive-tvproduktion.de\/index.php?rest_route=\/wp\/v2\/pages\/7095\/revisions"}],"predecessor-version":[{"id":7484,"href":"https:\/\/eventlive-tvproduktion.de\/index.php?rest_route=\/wp\/v2\/pages\/7095\/revisions\/7484"}],"wp:attachment":[{"href":"https:\/\/eventlive-tvproduktion.de\/index.php?rest_route=%2Fwp%2Fv2%2Fmedia&parent=7095"}],"curies":[{"name":"wp","href":"https:\/\/api.w.org\/{rel}","templated":true}]}}